{"id":4990,"date":"2021-12-06T08:56:34","date_gmt":"2021-12-06T08:56:34","guid":{"rendered":"https:\/\/mamaco.ee\/?post_type=product&#038;p=4990"},"modified":"2025-12-29T11:51:38","modified_gmt":"2025-12-29T11:51:38","slug":"pehme-bandaaz-vaagnavooga","status":"publish","type":"product","link":"https:\/\/mamaco.ee\/ru\/product\/pehme-bandaaz-vaagnavooga\/","title":{"rendered":"\u041c\u044f\u0433\u043a\u0430\u044f \u043f\u043e\u0432\u044f\u0437\u043a\u0430 \u0441 \u0442\u0430\u0437\u043e\u0432\u044b\u043c \u043f\u043e\u044f\u0441\u043e\u043c"},"content":{"rendered":"<p style=\"text-align: justify;\"><strong>\u0412\u043e \u0432\u0440\u0435\u043c\u044f \u0431\u0435\u0440\u0435\u043c\u0435\u043d\u043d\u043e\u0441\u0442\u0438<\/strong><\/p>\n<p style=\"text-align: justify;\">\u0411\u0430\u043d\u0434\u0430\u0436 \u0438\u0437 \u043c\u044f\u0433\u043a\u043e\u0439 \u0445\u043b\u043e\u043f\u0447\u0430\u0442\u043e\u0431\u0443\u043c\u0430\u0436\u043d\u043e\u0439 \u0442\u043a\u0430\u043d\u0438 \u043f\u0440\u0435\u0434\u043d\u0430\u0437\u043d\u0430\u0447\u0435\u043d \u0434\u043b\u044f \u0438\u0441\u043f\u043e\u043b\u044c\u0437\u043e\u0432\u0430\u043d\u0438\u044f \u0432\u043e \u0432\u0440\u0435\u043c\u044f \u0431\u0435\u0440\u0435\u043c\u0435\u043d\u043d\u043e\u0441\u0442\u0438, \u043a\u043e\u0433\u0434\u0430 \u0443\u0436\u0435 \u0432\u043e\u0437\u043d\u0438\u043a\u0430\u044e\u0442 \u0438\u043b\u0438 \u043d\u0430\u0447\u0438\u043d\u0430\u044e\u0442 \u043f\u0440\u043e\u044f\u0432\u043b\u044f\u0442\u044c\u0441\u044f \u043f\u0435\u0440\u0432\u044b\u0435 \u0436\u0430\u043b\u043e\u0431\u044b \u043d\u0430 \u0441\u043a\u0435\u043b\u0435\u0442\u043d\u043e-\u043c\u044b\u0448\u0435\u0447\u043d\u0443\u044e \u0441\u0438\u0441\u0442\u0435\u043c\u0443 \u0432 \u0441\u0432\u044f\u0437\u0438 \u0441 \u0431\u0435\u0440\u0435\u043c\u0435\u043d\u043d\u043e\u0441\u0442\u044c\u044e (\u043e\u0431\u044b\u0447\u043d\u043e \u043f\u0440\u0438\u043c\u0435\u0440\u043d\u043e \u043d\u0430 28-\u0439 \u043d\u0435\u0434\u0435\u043b\u0435 \u0431\u0435\u0440\u0435\u043c\u0435\u043d\u043d\u043e\u0441\u0442\u0438). \u0411\u043e\u043b\u0435\u0435 \u0447\u0430\u0441\u0442\u044b\u043c\u0438 \u0436\u0430\u043b\u043e\u0431\u0430\u043c\u0438 \u044f\u0432\u043b\u044f\u044e\u0442\u0441\u044f \u043e\u0449\u0443\u0449\u0435\u043d\u0438\u0435 \u043d\u0430\u043f\u0440\u044f\u0436\u0435\u043d\u0438\u044f \u0438 \u0431\u043e\u043b\u0438 \u043c\u0435\u0436\u0434\u0443 \u043b\u043e\u043f\u0430\u0442\u043a\u0430\u043c\u0438, \u0432 \u043f\u043e\u044f\u0441\u043d\u0438\u0446\u0435 \u0438 \u043e\u0431\u043b\u0430\u0441\u0442\u0438 \u043a\u0440\u0435\u0441\u0442\u0446\u0430, \u043f\u043e\u043a\u0430\u043b\u044b\u0432\u0430\u043d\u0438\u0435 \u0438\u043b\u0438 \u043e\u0442\u0435\u0447\u043d\u043e\u0441\u0442\u044c \u0440\u0443\u043a \u0438 \u043d\u043e\u0433, \u0432\u0430\u0440\u0438\u043a\u043e\u0437\u043d\u043e\u0435 \u0440\u0430\u0441\u0448\u0438\u0440\u0435\u043d\u0438\u0435 \u0432\u0435\u043d \u043d\u043e\u0433, \u0434\u0438\u0430\u0441\u0442\u0430\u0437 \u0438 \u043f\u0443\u043f\u043e\u0447\u043d\u0430\u044f \u0433\u0440\u044b\u0436\u0430. \u0411\u0430\u043d\u0434\u0430\u0436 \u043e\u0431\u0435\u0441\u043f\u0435\u0447\u0438\u0432\u0430\u0435\u0442 \u043a\u043e\u043c\u0444\u043e\u0440\u0442\u043d\u0443\u044e \u043f\u043e\u0434\u0434\u0435\u0440\u0436\u043a\u0443 \u0436\u0438\u0432\u043e\u0442\u0430 \u0438 \u043f\u043e\u044f\u0441\u043d\u0438\u0446\u044b, \u043f\u043e\u043c\u043e\u0433\u0430\u0435\u0442 \u0438\u0441\u043f\u0440\u0430\u0432\u0438\u0442\u044c \u043e\u0441\u0430\u043d\u043a\u0443 \u0438 \u0442\u0435\u043c \u0441\u0430\u043c\u044b\u043c \u0441\u043d\u0438\u043c\u0430\u0435\u0442 \u0440\u0430\u043d\u0435\u0435 \u0443\u043f\u043e\u043c\u044f\u043d\u0443\u0442\u044b\u0435 \u0436\u0430\u043b\u043e\u0431\u044b. \u041d\u043e\u0448\u0435\u043d\u0438\u0435 \u0442\u0430\u0437\u043e\u0432\u043e\u0433\u043e \u043f\u043e\u044f\u0441\u0430 \u043e\u043a\u0430\u0437\u044b\u0432\u0430\u0435\u0442 \u044d\u0444\u0444\u0435\u043a\u0442 \u043f\u043e\u0434\u044a\u0435\u043c\u0430 \u0436\u0438\u0432\u043e\u0442\u0430 \u0438, \u0442\u0430\u043a\u0438\u043c \u043e\u0431\u0440\u0430\u0437\u043e\u043c, \u043f\u043e\u043c\u043e\u0433\u0430\u0435\u0442 \u0443\u043c\u0435\u043d\u044c\u0448\u0438\u0442\u044c \u043d\u0430\u043f\u0440\u044f\u0436\u0435\u043d\u0438\u0435 \u0438 \u0440\u0430\u0441\u0442\u044f\u0436\u0435\u043d\u0438\u0435 \u043a\u043e\u0436\u0438 \u0436\u0438\u0432\u043e\u0442\u0430, \u043e\u0431\u043b\u0435\u0433\u0447\u0430\u0435\u0442 \u0431\u043e\u043b\u0438 \u0432 \u0441\u043f\u0438\u043d\u0435, \u0431\u0435\u0434\u0440\u0435, \u043a\u0440\u0435\u0441\u0442\u0446\u0435 \u0438 \u00ab\u043a\u043e\u043f\u0447\u0438\u043a\u0430\u0445\u00bb, \u0430 \u0442\u0430\u043a\u0436\u0435 \u0441\u043f\u043e\u0441\u043e\u0431\u0441\u0442\u0432\u0443\u0435\u0442 \u043b\u0443\u0447\u0448\u0435\u043c\u0443 \u043a\u0440\u043e\u0432\u043e\u043e\u0431\u0440\u0430\u0449\u0435\u043d\u0438\u044e \u043c\u0435\u0436\u0434\u0443 \u043d\u0438\u0436\u043d\u0438\u043c\u0438 \u0438 \u043d\u0438\u0436\u043d\u0438\u043c\u0438 \u043a\u043e\u043d\u0435\u0447\u043d\u043e\u0441\u0442\u044f\u043c\u0438. \u0432\u0435\u0440\u0445\u043d\u044f\u044f \u0447\u0430\u0441\u0442\u044c \u0442\u0435\u043b\u0430. \u041f\u043e\u0432\u044f\u0437\u043a\u0443 \u043c\u043e\u0436\u043d\u043e \u0438\u0441\u043f\u043e\u043b\u044c\u0437\u043e\u0432\u0430\u0442\u044c \u0432 \u0442\u0435\u0447\u0435\u043d\u0438\u0435 \u0434\u043d\u044f, \u043f\u043e \u0436\u0435\u043b\u0430\u043d\u0438\u044e \u0435\u0435 \u043c\u043e\u0436\u043d\u043e \u0442\u0443\u0433\u043e \u0438\u043b\u0438 \u0441\u0432\u043e\u0431\u043e\u0434\u043d\u043e \u043f\u0440\u0438\u043b\u0435\u0433\u0430\u0442\u044c \u043a \u0442\u0435\u043b\u0443. \u0422\u043a\u0430\u043d\u044c \u043f\u043e\u0432\u044f\u0437\u043a\u0438 \u0438\u043c\u0435\u0435\u0442 \u0441\u0435\u0440\u0442\u0438\u0444\u0438\u043a\u0430\u0442 OEKO-TEX 100, \u0447\u0442\u043e \u0441\u0432\u0438\u0434\u0435\u0442\u0435\u043b\u044c\u0441\u0442\u0432\u0443\u0435\u0442 \u043e \u0442\u043e\u043c, \u0447\u0442\u043e \u043e\u043d\u0430 \u0431\u0435\u0437\u043e\u043f\u0430\u0441\u043d\u0430 \u0434\u043b\u044f \u043a\u043e\u0436\u0438, \u0430 \u043f\u0440\u0438 \u043f\u0440\u043e\u0438\u0437\u0432\u043e\u0434\u0441\u0442\u0432\u0435 \u0442\u043a\u0430\u043d\u0438 \u0438\u0441\u043f\u043e\u043b\u044c\u0437\u0443\u044e\u0442\u0441\u044f \u0431\u043e\u043b\u0435\u0435 \u0449\u0430\u0434\u044f\u0449\u0438\u0435 \u044d\u043a\u043e\u043b\u043e\u0433\u0438\u0447\u0435\u0441\u043a\u0438\u0435 \u0440\u0435\u0441\u0443\u0440\u0441\u044b.<\/p>\n<p>&nbsp;<\/p>\n<p style=\"text-align: justify;\"><strong>\u041f\u043e\u0441\u043b\u0435 \u0440\u043e\u0434\u043e\u0432<\/strong><\/p>\n<p style=\"text-align: justify;\">Peale s\u00fcnnitust v\u00f5ib bandaa\u017ei kasutama hakata juba j\u00e4rgmisel p\u00e4eval, kuid toimida tuleks vastavalt enesetundele. Bandaa\u017e pannakse \u00fcmber k\u00f5hu nagu m\u00e4his ning sellest tekkiv kerge surve pakub keha keskosale mugavat toestust. Bandaa\u017ei abil v\u00e4heneb s\u00fcnnituse j\u00e4rgselt v\u00e4line koormus v\u00e4ljavenitatud ja n\u00f5rkadelt k\u00f5hulihastelt. Lisaks on kergem hoida \u00f5iget r\u00fchti ning igap\u00e4evane liikumine on valutum. S\u00fcnnitusj\u00e4rgselt aitab bandaa\u017eist tulenev kompressioon v\u00e4hendada alak\u00f5hus ja vaagnap\u00f5hja piirkonnas valitsevat &#8220;v\u00e4ljavajumise&#8221; tunnet. V\u00f5rreldes klassikaliste kumjate bandaa\u017eide, k\u00f5huv\u00f6\u00f6de v\u00f5i korsettidega s\u00e4ilib pehmet bandaa\u017ei kandes keha keskosa normaalne liikuvus ja vaba ning s\u00fcgav hingamisr\u00fctm. Need omadused on v\u00e4ga olulised s\u00fcnnitusj\u00e4rgsel perioodil lihastunnetuse, -j\u00f5u ja -koordinatsiooni taastumisel. T\u00e4nu reguleerimisv\u00f5imalusele saate s\u00e4ttida bandaa\u017ei t\u00e4pselt nii tugevalt ja toetavalt, et tunnete end maksimaalselt mugavalt. Ideaalne kasutamiseks 1\u20132 kuud peale s\u00fcnnitust.<\/p>\n<p>&nbsp;<\/p>\n<p><a href=\"https:\/\/mamaco.ee\/wp-content\/uploads\/2022\/04\/Mamaco_kasutusjuhend_EST_ENG.pdf\">\u0420\u0423\u041a\u041e\u0412\u041e\u0414\u0421\u0422\u0412\u041e<\/a><\/p>\n<p>&nbsp;<\/p>","protected":false},"excerpt":{"rendered":"<p style=\"text-align: justify;\"><span style=\"font-size: 12pt;\"><strong>\u0411\u0430\u043d\u0434\u0430\u0436 \u041c\u0430\u043c\u0430\u043a\u043e \u043c\u044f\u0433\u043a\u043e \u043f\u043e\u0434\u0434\u0435\u0440\u0436\u0438\u0432\u0430\u0435\u0442 \u0436\u0438\u0432\u043e\u0442 \u0432\u043e \u0432\u0440\u0435\u043c\u044f \u0431\u0435\u0440\u0435\u043c\u0435\u043d\u043d\u043e\u0441\u0442\u0438 \u0438 \u0441\u043f\u043e\u0441\u043e\u0431\u0441\u0442\u0432\u0443\u0435\u0442 \u0432\u043e\u0441\u0441\u0442\u0430\u043d\u043e\u0432\u043b\u0435\u043d\u0438\u044e \u043f\u043e\u0441\u043b\u0435 \u0440\u043e\u0434\u043e\u0432.<\/strong><\/span><\/p>\n<p style=\"text-align: justify;\">\u0411\u0430\u043d\u0434\u0430\u0436 \u043f\u043e\u0434\u0445\u043e\u0434\u0438\u0442 \u0434\u043b\u044f \u0438\u0441\u043f\u043e\u043b\u044c\u0437\u043e\u0432\u0430\u043d\u0438\u044f \u0432\u043e \u0432\u0440\u0435\u043c\u044f \u0431\u0435\u0440\u0435\u043c\u0435\u043d\u043d\u043e\u0441\u0442\u0438, \u043f\u043e\u0441\u043b\u0435 \u0440\u043e\u0434\u043e\u0432 \u0438 \u043f\u0440\u0438 \u0432\u043e\u0441\u0441\u0442\u0430\u043d\u043e\u0432\u043b\u0435\u043d\u0438\u0438 \u043f\u043e\u0441\u043b\u0435 \u043a\u0435\u0441\u0430\u0440\u0435\u0432\u0430 \u0441\u0435\u0447\u0435\u043d\u0438\u044f:<\/p>\n<ul style=\"text-align: justify;\">\n<li>\u043e\u0431\u0435\u0441\u043f\u0435\u0447\u0438\u0432\u0430\u0435\u0442 \u043a\u043e\u043c\u0444\u043e\u0440\u0442\u043d\u0443\u044e \u043f\u043e\u0434\u0434\u0435\u0440\u0436\u043a\u0443 \u043f\u043e\u044f\u0441\u043d\u0438\u0446\u044b, \u043c\u044b\u0448\u0446 \u0436\u0438\u0432\u043e\u0442\u0430, \u043e\u0440\u0433\u0430\u043d\u043e\u0432 \u0431\u0440\u044e\u0448\u043d\u043e\u0439 \u043f\u043e\u043b\u043e\u0441\u0442\u0438 \u0438 \u043a\u0435\u0441\u0430\u0440\u0435\u0432\u0430 \u0441\u0435\u0447\u0435\u043d\u0438\u044f,<\/li>\n<li>\u0441\u043d\u0438\u043c\u0430\u0435\u0442 \u0443\u0441\u0442\u0430\u043b\u043e\u0441\u0442\u044c \u0432 \u0441\u043f\u0438\u043d\u0435 \u0438 \u043d\u043e\u0433\u0430\u0445 \u0438\u0437-\u0437\u0430 \u0442\u044f\u0436\u0435\u0441\u0442\u0438 \u0440\u0430\u0441\u0442\u0443\u0449\u0435\u0433\u043e \u0436\u0438\u0432\u043e\u0442\u0430,<\/li>\n<li>\u043e\u0431\u0435\u0441\u043f\u0435\u0447\u0438\u0432\u0430\u0435\u0442 \u043f\u043e\u0434\u0434\u0435\u0440\u0436\u043a\u0443 \u043f\u0440\u0438 \u0431\u0440\u044e\u0448\u043d\u043e\u0439 \u0433\u0440\u044b\u0436\u0435 \u0438 \u0434\u0438\u0430\u0441\u0442\u0430\u0437\u0435,<\/li>\n<li>\u043a\u043e\u043c\u043f\u0440\u0435\u0441\u0441\u0438\u044f \u0441\u043f\u043e\u0441\u043e\u0431\u0441\u0442\u0432\u0443\u0435\u0442 \u0443\u043c\u0435\u043d\u044c\u0448\u0435\u043d\u0438\u044e \u043e\u0442\u0435\u043a\u0430 \u0438 \u0431\u043e\u043b\u0438 \u043f\u043e\u0441\u043b\u0435 \u043a\u0435\u0441\u0430\u0440\u0435\u0432\u0430 \u0441\u0435\u0447\u0435\u043d\u0438\u044f,<\/li>\n<li>\u0440\u0435\u0433\u0443\u043b\u0438\u0440\u0443\u0435\u043c\u044b\u0439 \u0442\u0430\u0437\u043e\u0432\u044b\u0439 \u043f\u043e\u044f\u0441, \u0441\u043f\u0435\u0446\u0438\u0430\u043b\u044c\u043d\u043e \u0440\u0430\u0437\u0440\u0430\u0431\u043e\u0442\u0430\u043d\u043d\u044b\u0439 \u0434\u043b\u044f \u0438\u0441\u043f\u043e\u043b\u044c\u0437\u043e\u0432\u0430\u043d\u0438\u044f \u0441 \u0431\u0430\u043d\u0434\u0430\u0436\u043e\u043c, \u043f\u043e\u0434\u0434\u0435\u0440\u0436\u0438\u0432\u0430\u0435\u0442 \u043f\u043e\u044f\u0441\u043d\u0438\u0446\u0443 \u0438 \u0436\u0438\u0432\u043e\u0442 \u043d\u0430 360 \u0433\u0440\u0430\u0434\u0443\u0441\u043e\u0432, \u0430 \u0442\u0430\u043a\u0436\u0435 \u0441\u043d\u0438\u043c\u0430\u0435\u0442 \u0440\u0430\u0437\u043b\u0438\u0447\u043d\u044b\u0435 \u0431\u043e\u043b\u0435\u0432\u044b\u0435 \u0441\u0438\u043d\u0434\u0440\u043e\u043c\u044b \u0432 \u043e\u0431\u043b\u0430\u0441\u0442\u0438 \u0442\u0430\u0437\u0430, \u043d\u0430\u043f\u0440\u044f\u0436\u0435\u043d\u0438\u0435, \u0434\u0438\u0441\u043a\u043e\u043c\u0444\u043e\u0440\u0442 \u0438\u043b\u0438 \u0442\u044f\u0436\u0435\u0441\u0442\u044c.<\/li>\n<li>\u043b\u0435\u0433\u043a\u043e \u0443\u0441\u0442\u0430\u043d\u0430\u0432\u043b\u0438\u0432\u0430\u0435\u0442\u0441\u044f \u0438 \u0443\u0434\u043e\u0431\u043d\u043e \u043d\u043e\u0441\u0438\u0442\u044c \u043f\u043e\u0434 \u043e\u0434\u0435\u0436\u0434\u043e\u0439.<\/li>\n<\/ul>\n<p style=\"text-align: justify;\"><strong>\u0412 \u043f\u0430\u043a\u0435\u0442 \u0432\u0445\u043e\u0434\u0438\u0442: <\/strong>\u0431\u0430\u043d\u0434\u0430\u0436, \u0442\u0430\u0437\u043e\u0432\u044b\u0439 \u043f\u043e\u044f\u0441, \u0438\u043d\u0441\u0442\u0440\u0443\u043a\u0446\u0438\u044f \u043f\u043e \u044d\u043a\u0441\u043f\u043b\u0443\u0430\u0442\u0430\u0446\u0438\u0438.<\/p>\n<p style=\"text-align: justify;\"><strong>\u0426\u0432\u0435\u0442: <\/strong>Must<\/p>","protected":false},"featured_media":5683,"template":"","meta":{"om_disable_all_campaigns":false,"_monsterinsights_skip_tracking":false,"_monsterinsights_sitenote_active":false,"_monsterinsights_sitenote_note":"","_monsterinsights_sitenote_category":0},"product_brand":[],"product_cat":[175],"product_tag":[],"class_list":{"0":"post-4990","1":"product","2":"type-product","3":"status-publish","4":"has-post-thumbnail","6":"product_cat-tooted","7":"description-off","9":"first","10":"instock","11":"shipping-taxable","12":"purchasable","13":"product-type-variable"},"yoast_head":"<!-- This site is optimized with the Yoast SEO plugin v27.4 - https:\/\/yoast.com\/product\/yoast-seo-wordpress\/ -->\n<title>Pehme bandaa\u017e vaagnav\u00f6\u00f6ga | Mamaco<\/title>\n<meta name=\"description\" content=\"Pehme bandaa\u017e kandmiseks raseduse ajal ja vahetult peale s\u00fcnnitust. Toetab leebet taastumist, v\u00f5imaldab keha keskosal vajalikul m\u00e4\u00e4ral liikuda ning vabalt hingata. Aitab enamlevinud rasedusaegsete kaebuste korral (seljavalu, puusavalu, s\u00fcmf\u00fc\u00fcsivalu).\" \/>\n<meta name=\"robots\" content=\"index, follow, max-snippet:-1, max-image-preview:large, max-video-preview:-1\" \/>\n<link rel=\"canonical\" href=\"https:\/\/mamaco.ee\/ru\/product\/pehme-bandaaz-vaagnavooga\/\" \/>\n<meta property=\"og:locale\" content=\"ru_RU\" \/>\n<meta property=\"og:type\" content=\"article\" \/>\n<meta property=\"og:title\" content=\"Pehme bandaa\u017e vaagnav\u00f6\u00f6ga | Mamaco\" \/>\n<meta property=\"og:description\" content=\"Pehme bandaa\u017e kandmiseks raseduse ajal ja vahetult peale s\u00fcnnitust. Toetab leebet taastumist, v\u00f5imaldab keha keskosal vajalikul m\u00e4\u00e4ral liikuda ning vabalt hingata. Aitab enamlevinud rasedusaegsete kaebuste korral (seljavalu, puusavalu, s\u00fcmf\u00fc\u00fcsivalu).\" \/>\n<meta property=\"og:url\" content=\"https:\/\/mamaco.ee\/ru\/product\/pehme-bandaaz-vaagnavooga\/\" \/>\n<meta property=\"og:site_name\" content=\"Mamaco\" \/>\n<meta property=\"article:publisher\" content=\"https:\/\/www.facebook.com\/formommyscomfort\" \/>\n<meta property=\"article:modified_time\" content=\"2025-12-29T11:51:38+00:00\" \/>\n<meta property=\"og:image\" content=\"https:\/\/mamaco.ee\/wp-content\/uploads\/2021\/12\/IMG_6620-noBG-1024x683.png\" \/>\n\t<meta property=\"og:image:width\" content=\"1024\" \/>\n\t<meta property=\"og:image:height\" content=\"683\" \/>\n\t<meta property=\"og:image:type\" content=\"image\/png\" \/>\n<meta name=\"twitter:card\" content=\"summary_large_image\" \/>\n<meta name=\"twitter:label1\" content=\"\u041f\u0440\u0438\u043c\u0435\u0440\u043d\u043e\u0435 \u0432\u0440\u0435\u043c\u044f \u0434\u043b\u044f \u0447\u0442\u0435\u043d\u0438\u044f\" \/>\n\t<meta name=\"twitter:data1\" content=\"2 \u043c\u0438\u043d\u0443\u0442\u044b\" \/>\n<script type=\"application\/ld+json\" class=\"yoast-schema-graph\">{\"@context\":\"https:\\\/\\\/schema.org\",\"@graph\":[{\"@type\":\"WebPage\",\"@id\":\"https:\\\/\\\/mamaco.ee\\\/toode\\\/pehme-bandaaz-vaagnavooga\\\/\",\"url\":\"https:\\\/\\\/mamaco.ee\\\/toode\\\/pehme-bandaaz-vaagnavooga\\\/\",\"name\":\"Pehme bandaa\u017e vaagnav\u00f6\u00f6ga | Mamaco\",\"isPartOf\":{\"@id\":\"https:\\\/\\\/mamaco.ee\\\/#website\"},\"primaryImageOfPage\":{\"@id\":\"https:\\\/\\\/mamaco.ee\\\/toode\\\/pehme-bandaaz-vaagnavooga\\\/#primaryimage\"},\"image\":{\"@id\":\"https:\\\/\\\/mamaco.ee\\\/toode\\\/pehme-bandaaz-vaagnavooga\\\/#primaryimage\"},\"thumbnailUrl\":\"https:\\\/\\\/mamaco.ee\\\/wp-content\\\/uploads\\\/2021\\\/12\\\/IMG_6620-noBG.png\",\"datePublished\":\"2021-12-06T08:56:34+00:00\",\"dateModified\":\"2025-12-29T11:51:38+00:00\",\"description\":\"Pehme bandaa\u017e kandmiseks raseduse ajal ja vahetult peale s\u00fcnnitust. Toetab leebet taastumist, v\u00f5imaldab keha keskosal vajalikul m\u00e4\u00e4ral liikuda ning vabalt hingata. Aitab enamlevinud rasedusaegsete kaebuste korral (seljavalu, puusavalu, s\u00fcmf\u00fc\u00fcsivalu).\",\"breadcrumb\":{\"@id\":\"https:\\\/\\\/mamaco.ee\\\/toode\\\/pehme-bandaaz-vaagnavooga\\\/#breadcrumb\"},\"inLanguage\":\"ru-RU\",\"potentialAction\":[{\"@type\":\"ReadAction\",\"target\":[\"https:\\\/\\\/mamaco.ee\\\/toode\\\/pehme-bandaaz-vaagnavooga\\\/\"]}]},{\"@type\":\"ImageObject\",\"inLanguage\":\"ru-RU\",\"@id\":\"https:\\\/\\\/mamaco.ee\\\/toode\\\/pehme-bandaaz-vaagnavooga\\\/#primaryimage\",\"url\":\"https:\\\/\\\/mamaco.ee\\\/wp-content\\\/uploads\\\/2021\\\/12\\\/IMG_6620-noBG.png\",\"contentUrl\":\"https:\\\/\\\/mamaco.ee\\\/wp-content\\\/uploads\\\/2021\\\/12\\\/IMG_6620-noBG.png\",\"width\":1800,\"height\":1200},{\"@type\":\"BreadcrumbList\",\"@id\":\"https:\\\/\\\/mamaco.ee\\\/toode\\\/pehme-bandaaz-vaagnavooga\\\/#breadcrumb\",\"itemListElement\":[{\"@type\":\"ListItem\",\"position\":1,\"name\":\"Home\",\"item\":\"https:\\\/\\\/mamaco.ee\\\/\"},{\"@type\":\"ListItem\",\"position\":2,\"name\":\"Tooted\",\"item\":\"https:\\\/\\\/mamaco.ee\\\/pood\\\/\"},{\"@type\":\"ListItem\",\"position\":3,\"name\":\"Pehme bandaa\u017e vaagnav\u00f6\u00f6ga\"}]},{\"@type\":\"WebSite\",\"@id\":\"https:\\\/\\\/mamaco.ee\\\/#website\",\"url\":\"https:\\\/\\\/mamaco.ee\\\/\",\"name\":\"Mamaco - Rasedusaegsed ja s\u00fcnnitusj\u00e4rgsed bandaa\u017eid\",\"description\":\"Pehmed meditsiinilised bandaa\u017eid\",\"publisher\":{\"@id\":\"https:\\\/\\\/mamaco.ee\\\/#organization\"},\"potentialAction\":[{\"@type\":\"SearchAction\",\"target\":{\"@type\":\"EntryPoint\",\"urlTemplate\":\"https:\\\/\\\/mamaco.ee\\\/?s={search_term_string}\"},\"query-input\":{\"@type\":\"PropertyValueSpecification\",\"valueRequired\":true,\"valueName\":\"search_term_string\"}}],\"inLanguage\":\"ru-RU\"},{\"@type\":\"Organization\",\"@id\":\"https:\\\/\\\/mamaco.ee\\\/#organization\",\"name\":\"Mamaco - Rasedusaegsed ja s\u00fcnnitusj\u00e4rgsed bandaa\u017eid\",\"url\":\"https:\\\/\\\/mamaco.ee\\\/\",\"logo\":{\"@type\":\"ImageObject\",\"inLanguage\":\"ru-RU\",\"@id\":\"https:\\\/\\\/mamaco.ee\\\/#\\\/schema\\\/logo\\\/image\\\/\",\"url\":\"https:\\\/\\\/mamaco.ee\\\/wp-content\\\/uploads\\\/2021\\\/02\\\/logo-e1615049978850.png\",\"contentUrl\":\"https:\\\/\\\/mamaco.ee\\\/wp-content\\\/uploads\\\/2021\\\/02\\\/logo-e1615049978850.png\",\"width\":125,\"height\":30,\"caption\":\"Mamaco - Rasedusaegsed ja s\u00fcnnitusj\u00e4rgsed bandaa\u017eid\"},\"image\":{\"@id\":\"https:\\\/\\\/mamaco.ee\\\/#\\\/schema\\\/logo\\\/image\\\/\"},\"sameAs\":[\"https:\\\/\\\/www.facebook.com\\\/formommyscomfort\"]}]}<\/script>\n<!-- \/ Yoast SEO plugin. -->","yoast_head_json":{"title":"Pehme bandaa\u017e vaagnav\u00f6\u00f6ga | Mamaco","description":"Pehme bandaa\u017e kandmiseks raseduse ajal ja vahetult peale s\u00fcnnitust. Toetab leebet taastumist, v\u00f5imaldab keha keskosal vajalikul m\u00e4\u00e4ral liikuda ning vabalt hingata. Aitab enamlevinud rasedusaegsete kaebuste korral (seljavalu, puusavalu, s\u00fcmf\u00fc\u00fcsivalu).","robots":{"index":"index","follow":"follow","max-snippet":"max-snippet:-1","max-image-preview":"max-image-preview:large","max-video-preview":"max-video-preview:-1"},"canonical":"https:\/\/mamaco.ee\/ru\/product\/pehme-bandaaz-vaagnavooga\/","og_locale":"ru_RU","og_type":"article","og_title":"Pehme bandaa\u017e vaagnav\u00f6\u00f6ga | Mamaco","og_description":"Pehme bandaa\u017e kandmiseks raseduse ajal ja vahetult peale s\u00fcnnitust. Toetab leebet taastumist, v\u00f5imaldab keha keskosal vajalikul m\u00e4\u00e4ral liikuda ning vabalt hingata. Aitab enamlevinud rasedusaegsete kaebuste korral (seljavalu, puusavalu, s\u00fcmf\u00fc\u00fcsivalu).","og_url":"https:\/\/mamaco.ee\/ru\/product\/pehme-bandaaz-vaagnavooga\/","og_site_name":"Mamaco","article_publisher":"https:\/\/www.facebook.com\/formommyscomfort","article_modified_time":"2025-12-29T11:51:38+00:00","og_image":[{"width":1024,"height":683,"url":"https:\/\/mamaco.ee\/wp-content\/uploads\/2021\/12\/IMG_6620-noBG-1024x683.png","type":"image\/png"}],"twitter_card":"summary_large_image","twitter_misc":{"\u041f\u0440\u0438\u043c\u0435\u0440\u043d\u043e\u0435 \u0432\u0440\u0435\u043c\u044f \u0434\u043b\u044f \u0447\u0442\u0435\u043d\u0438\u044f":"2 \u043c\u0438\u043d\u0443\u0442\u044b"},"schema":{"@context":"https:\/\/schema.org","@graph":[{"@type":"WebPage","@id":"https:\/\/mamaco.ee\/toode\/pehme-bandaaz-vaagnavooga\/","url":"https:\/\/mamaco.ee\/toode\/pehme-bandaaz-vaagnavooga\/","name":"Pehme bandaa\u017e vaagnav\u00f6\u00f6ga | Mamaco","isPartOf":{"@id":"https:\/\/mamaco.ee\/#website"},"primaryImageOfPage":{"@id":"https:\/\/mamaco.ee\/toode\/pehme-bandaaz-vaagnavooga\/#primaryimage"},"image":{"@id":"https:\/\/mamaco.ee\/toode\/pehme-bandaaz-vaagnavooga\/#primaryimage"},"thumbnailUrl":"https:\/\/mamaco.ee\/wp-content\/uploads\/2021\/12\/IMG_6620-noBG.png","datePublished":"2021-12-06T08:56:34+00:00","dateModified":"2025-12-29T11:51:38+00:00","description":"Pehme bandaa\u017e kandmiseks raseduse ajal ja vahetult peale s\u00fcnnitust. Toetab leebet taastumist, v\u00f5imaldab keha keskosal vajalikul m\u00e4\u00e4ral liikuda ning vabalt hingata. Aitab enamlevinud rasedusaegsete kaebuste korral (seljavalu, puusavalu, s\u00fcmf\u00fc\u00fcsivalu).","breadcrumb":{"@id":"https:\/\/mamaco.ee\/toode\/pehme-bandaaz-vaagnavooga\/#breadcrumb"},"inLanguage":"ru-RU","potentialAction":[{"@type":"ReadAction","target":["https:\/\/mamaco.ee\/toode\/pehme-bandaaz-vaagnavooga\/"]}]},{"@type":"ImageObject","inLanguage":"ru-RU","@id":"https:\/\/mamaco.ee\/toode\/pehme-bandaaz-vaagnavooga\/#primaryimage","url":"https:\/\/mamaco.ee\/wp-content\/uploads\/2021\/12\/IMG_6620-noBG.png","contentUrl":"https:\/\/mamaco.ee\/wp-content\/uploads\/2021\/12\/IMG_6620-noBG.png","width":1800,"height":1200},{"@type":"BreadcrumbList","@id":"https:\/\/mamaco.ee\/toode\/pehme-bandaaz-vaagnavooga\/#breadcrumb","itemListElement":[{"@type":"ListItem","position":1,"name":"Home","item":"https:\/\/mamaco.ee\/"},{"@type":"ListItem","position":2,"name":"Tooted","item":"https:\/\/mamaco.ee\/pood\/"},{"@type":"ListItem","position":3,"name":"Pehme bandaa\u017e vaagnav\u00f6\u00f6ga"}]},{"@type":"WebSite","@id":"https:\/\/mamaco.ee\/#website","url":"https:\/\/mamaco.ee\/","name":"Mamaco - Rasedusaegsed ja s\u00fcnnitusj\u00e4rgsed bandaa\u017eid","description":"Pehmed meditsiinilised bandaa\u017eid","publisher":{"@id":"https:\/\/mamaco.ee\/#organization"},"potentialAction":[{"@type":"SearchAction","target":{"@type":"EntryPoint","urlTemplate":"https:\/\/mamaco.ee\/?s={search_term_string}"},"query-input":{"@type":"PropertyValueSpecification","valueRequired":true,"valueName":"search_term_string"}}],"inLanguage":"ru-RU"},{"@type":"Organization","@id":"https:\/\/mamaco.ee\/#organization","name":"Mamaco - Rasedusaegsed ja s\u00fcnnitusj\u00e4rgsed bandaa\u017eid","url":"https:\/\/mamaco.ee\/","logo":{"@type":"ImageObject","inLanguage":"ru-RU","@id":"https:\/\/mamaco.ee\/#\/schema\/logo\/image\/","url":"https:\/\/mamaco.ee\/wp-content\/uploads\/2021\/02\/logo-e1615049978850.png","contentUrl":"https:\/\/mamaco.ee\/wp-content\/uploads\/2021\/02\/logo-e1615049978850.png","width":125,"height":30,"caption":"Mamaco - Rasedusaegsed ja s\u00fcnnitusj\u00e4rgsed bandaa\u017eid"},"image":{"@id":"https:\/\/mamaco.ee\/#\/schema\/logo\/image\/"},"sameAs":["https:\/\/www.facebook.com\/formommyscomfort"]}]}},"_links":{"self":[{"href":"https:\/\/mamaco.ee\/ru\/wp-json\/wp\/v2\/product\/4990","targetHints":{"allow":["GET"]}}],"collection":[{"href":"https:\/\/mamaco.ee\/ru\/wp-json\/wp\/v2\/product"}],"about":[{"href":"https:\/\/mamaco.ee\/ru\/wp-json\/wp\/v2\/types\/product"}],"wp:featuredmedia":[{"embeddable":true,"href":"https:\/\/mamaco.ee\/ru\/wp-json\/wp\/v2\/media\/5683"}],"wp:attachment":[{"href":"https:\/\/mamaco.ee\/ru\/wp-json\/wp\/v2\/media?parent=4990"}],"wp:term":[{"taxonomy":"product_brand","embeddable":true,"href":"https:\/\/mamaco.ee\/ru\/wp-json\/wp\/v2\/product_brand?post=4990"},{"taxonomy":"product_cat","embeddable":true,"href":"https:\/\/mamaco.ee\/ru\/wp-json\/wp\/v2\/product_cat?post=4990"},{"taxonomy":"product_tag","embeddable":true,"href":"https:\/\/mamaco.ee\/ru\/wp-json\/wp\/v2\/product_tag?post=4990"}],"curies":[{"name":"wp","href":"https:\/\/api.w.org\/{rel}","templated":true}]}}