{"id":4990,"date":"2021-12-06T08:56:34","date_gmt":"2021-12-06T08:56:34","guid":{"rendered":"https:\/\/mamaco.ee\/?post_type=product&#038;p=4990"},"modified":"2025-12-29T11:51:38","modified_gmt":"2025-12-29T11:51:38","slug":"pehme-bandaaz-vaagnavooga","status":"publish","type":"product","link":"https:\/\/mamaco.ee\/fi\/tuote\/pehme-bandaaz-vaagnavooga\/","title":{"rendered":"Pehme\u00e4 side lantiovy\u00f6ll\u00e4"},"content":{"rendered":"<p style=\"text-align: justify;\"><strong>Raskauden aikana<\/strong><\/p>\n<p style=\"text-align: justify;\">Pehme\u00e4 puuvillakangasside on suunniteltu k\u00e4ytett\u00e4v\u00e4ksi raskauden aikana, jolloin ensimm\u00e4iset raskaudesta johtuvat luustolihasvaivat ilmaantuvat jo tai alkavat ilmaantua (yleens\u00e4 noin 28. raskausviikolla). Useampia valituksia ovat j\u00e4nnityksen ja kivun tunne lapaluiden v\u00e4liss\u00e4, alasel\u00e4ss\u00e4 ja ristiluun alueella, k\u00e4sien ja jalkojen pistely tai turvotus, jalkojen suonikohjut, diastaasi ja napatyr\u00e4. Side tukee mukavasti vatsaa ja alaselk\u00e4\u00e4, auttaa korjaamaan ryhti\u00e4 ja siten lievitt\u00e4\u00e4 aiemmin mainittuja vaivoja. Lantiovy\u00f6 kohottaa vatsaa ja auttaa siten v\u00e4hent\u00e4m\u00e4\u00e4n vatsan ihon j\u00e4nnityst\u00e4 ja venymist\u00e4, lievitt\u00e4\u00e4 selk\u00e4kipuja, kipuja lonkassa, ristiluussa ja \"h\u00e4nt\u00e4luun\" sek\u00e4 edist\u00e4\u00e4 parempaa verenkiertoa ala- ja yl\u00e4vartalo. Side soveltuu k\u00e4ytett\u00e4v\u00e4ksi koko p\u00e4iv\u00e4n ajan s\u00e4\u00e4t\u00e4m\u00e4ll\u00e4 sit\u00e4 tiukemmin tai l\u00f6ys\u00e4sti vartalon ymp\u00e4rille halutessaan. Sidoksen kankaalla on OEKO-TEX 100 -sertifikaatti, joka osoittaa sen olevan ihoyst\u00e4v\u00e4llinen ja kankaan valmistuksessa on k\u00e4ytetty s\u00e4\u00e4steli\u00e4\u00e4mmin ymp\u00e4rist\u00f6n resursseja.<\/p>\n<p>&nbsp;<\/p>\n<p style=\"text-align: justify;\"><strong>Synnytyksen j\u00e4lkeen<\/strong><\/p>\n<p style=\"text-align: justify;\">Peale s\u00fcnnitust v\u00f5ib bandaa\u017ei kasutama hakata juba j\u00e4rgmisel p\u00e4eval, kuid toimida tuleks vastavalt enesetundele. Bandaa\u017e pannakse \u00fcmber k\u00f5hu nagu m\u00e4his ning sellest tekkiv kerge surve pakub keha keskosale mugavat toestust. Bandaa\u017ei abil v\u00e4heneb s\u00fcnnituse j\u00e4rgselt v\u00e4line koormus v\u00e4ljavenitatud ja n\u00f5rkadelt k\u00f5hulihastelt. Lisaks on kergem hoida \u00f5iget r\u00fchti ning igap\u00e4evane liikumine on valutum. S\u00fcnnitusj\u00e4rgselt aitab bandaa\u017eist tulenev kompressioon v\u00e4hendada alak\u00f5hus ja vaagnap\u00f5hja piirkonnas valitsevat &#8220;v\u00e4ljavajumise&#8221; tunnet. V\u00f5rreldes klassikaliste kumjate bandaa\u017eide, k\u00f5huv\u00f6\u00f6de v\u00f5i korsettidega s\u00e4ilib pehmet bandaa\u017ei kandes keha keskosa normaalne liikuvus ja vaba ning s\u00fcgav hingamisr\u00fctm. Need omadused on v\u00e4ga olulised s\u00fcnnitusj\u00e4rgsel perioodil lihastunnetuse, -j\u00f5u ja -koordinatsiooni taastumisel. T\u00e4nu reguleerimisv\u00f5imalusele saate s\u00e4ttida bandaa\u017ei t\u00e4pselt nii tugevalt ja toetavalt, et tunnete end maksimaalselt mugavalt. Ideaalne kasutamiseks 1\u20132 kuud peale s\u00fcnnitust.<\/p>\n<p>&nbsp;<\/p>\n<p><a href=\"https:\/\/mamaco.ee\/wp-content\/uploads\/2022\/04\/Mamaco_kasutusjuhend_EST_ENG.pdf\">MANUAALINEN<\/a><\/p>\n<p>&nbsp;<\/p>","protected":false},"excerpt":{"rendered":"<p style=\"text-align: justify;\"><span style=\"font-size: 12pt;\"><strong>Mamaco-sidos tukee hell\u00e4sti vatsaa raskauden aikana ja edist\u00e4\u00e4 synnytyksest\u00e4 toipumista<\/strong><\/span><\/p>\n<p style=\"text-align: justify;\">Side soveltuu k\u00e4ytett\u00e4v\u00e4ksi raskauden aikana, synnytyksen j\u00e4lkeen ja keisarileikkauksesta toipuessa:<\/p>\n<ul style=\"text-align: justify;\">\n<li>tarjoaa mukavan tuen alaselk\u00e4lle, vatsalihaksille, vatsaelimille ja keisarinleikkauksille,<\/li>\n<li>lievitt\u00e4\u00e4 kasvavan vatsan painon aiheuttamaa sel\u00e4n ja jalkojen v\u00e4symyst\u00e4,<\/li>\n<li>antaa tukea vatsan tyr\u00e4lle ja diastaasille,<\/li>\n<li>kompressio v\u00e4hent\u00e4\u00e4 turvotusta ja kipua keisarinleikkauksen j\u00e4lkeen,<\/li>\n<li>erityisesti siteen kanssa k\u00e4ytett\u00e4v\u00e4ksi suunniteltu s\u00e4\u00e4dett\u00e4v\u00e4 lantiovy\u00f6 tukee alaselk\u00e4\u00e4 ja vatsaa 360 asteessa sek\u00e4 lievitt\u00e4\u00e4 erilaisia \u200b\u200blantion kipuoireyhtymi\u00e4, j\u00e4nnityst\u00e4, ep\u00e4mukavuutta tai raskautta.<\/li>\n<li>helppo asentaa ja mukava k\u00e4ytt\u00e4\u00e4 vaatteiden alla.<\/li>\n<\/ul>\n<p style=\"text-align: justify;\"><strong>Paketti sis\u00e4lt\u00e4\u00e4: <\/strong>side, lantiovy\u00f6, k\u00e4ytt\u00f6ohje<\/p>\n<p style=\"text-align: justify;\"><strong>V\u00e4ri: <\/strong>Must<\/p>","protected":false},"featured_media":5683,"template":"","meta":{"om_disable_all_campaigns":false,"_monsterinsights_skip_tracking":false,"_monsterinsights_sitenote_active":false,"_monsterinsights_sitenote_note":"","_monsterinsights_sitenote_category":0},"product_brand":[],"product_cat":[175],"product_tag":[],"class_list":{"0":"post-4990","1":"product","2":"type-product","3":"status-publish","4":"has-post-thumbnail","6":"product_cat-tooted","7":"description-off","9":"first","10":"instock","11":"shipping-taxable","12":"purchasable","13":"product-type-variable"},"yoast_head":"<!-- This site is optimized with the Yoast SEO plugin v27.4 - https:\/\/yoast.com\/product\/yoast-seo-wordpress\/ -->\n<title>Pehme bandaa\u017e vaagnav\u00f6\u00f6ga | Mamaco<\/title>\n<meta name=\"description\" content=\"Pehme bandaa\u017e kandmiseks raseduse ajal ja vahetult peale s\u00fcnnitust. Toetab leebet taastumist, v\u00f5imaldab keha keskosal vajalikul m\u00e4\u00e4ral liikuda ning vabalt hingata. Aitab enamlevinud rasedusaegsete kaebuste korral (seljavalu, puusavalu, s\u00fcmf\u00fc\u00fcsivalu).\" \/>\n<meta name=\"robots\" content=\"index, follow, max-snippet:-1, max-image-preview:large, max-video-preview:-1\" \/>\n<link rel=\"canonical\" href=\"https:\/\/mamaco.ee\/fi\/tuote\/pehme-bandaaz-vaagnavooga\/\" \/>\n<meta property=\"og:locale\" content=\"fi_FI\" \/>\n<meta property=\"og:type\" content=\"article\" \/>\n<meta property=\"og:title\" content=\"Pehme bandaa\u017e vaagnav\u00f6\u00f6ga | Mamaco\" \/>\n<meta property=\"og:description\" content=\"Pehme bandaa\u017e kandmiseks raseduse ajal ja vahetult peale s\u00fcnnitust. Toetab leebet taastumist, v\u00f5imaldab keha keskosal vajalikul m\u00e4\u00e4ral liikuda ning vabalt hingata. Aitab enamlevinud rasedusaegsete kaebuste korral (seljavalu, puusavalu, s\u00fcmf\u00fc\u00fcsivalu).\" \/>\n<meta property=\"og:url\" content=\"https:\/\/mamaco.ee\/fi\/tuote\/pehme-bandaaz-vaagnavooga\/\" \/>\n<meta property=\"og:site_name\" content=\"Mamaco\" \/>\n<meta property=\"article:publisher\" content=\"https:\/\/www.facebook.com\/formommyscomfort\" \/>\n<meta property=\"article:modified_time\" content=\"2025-12-29T11:51:38+00:00\" \/>\n<meta property=\"og:image\" content=\"https:\/\/mamaco.ee\/wp-content\/uploads\/2021\/12\/IMG_6620-noBG-1024x683.png\" \/>\n\t<meta property=\"og:image:width\" content=\"1024\" \/>\n\t<meta property=\"og:image:height\" content=\"683\" \/>\n\t<meta property=\"og:image:type\" content=\"image\/png\" \/>\n<meta name=\"twitter:card\" content=\"summary_large_image\" \/>\n<meta name=\"twitter:label1\" content=\"Arvioitu lukuaika\" \/>\n\t<meta name=\"twitter:data1\" content=\"2 minuuttia\" \/>\n<script type=\"application\/ld+json\" class=\"yoast-schema-graph\">{\"@context\":\"https:\\\/\\\/schema.org\",\"@graph\":[{\"@type\":\"WebPage\",\"@id\":\"https:\\\/\\\/mamaco.ee\\\/toode\\\/pehme-bandaaz-vaagnavooga\\\/\",\"url\":\"https:\\\/\\\/mamaco.ee\\\/toode\\\/pehme-bandaaz-vaagnavooga\\\/\",\"name\":\"Pehme bandaa\u017e vaagnav\u00f6\u00f6ga | Mamaco\",\"isPartOf\":{\"@id\":\"https:\\\/\\\/mamaco.ee\\\/#website\"},\"primaryImageOfPage\":{\"@id\":\"https:\\\/\\\/mamaco.ee\\\/toode\\\/pehme-bandaaz-vaagnavooga\\\/#primaryimage\"},\"image\":{\"@id\":\"https:\\\/\\\/mamaco.ee\\\/toode\\\/pehme-bandaaz-vaagnavooga\\\/#primaryimage\"},\"thumbnailUrl\":\"https:\\\/\\\/mamaco.ee\\\/wp-content\\\/uploads\\\/2021\\\/12\\\/IMG_6620-noBG.png\",\"datePublished\":\"2021-12-06T08:56:34+00:00\",\"dateModified\":\"2025-12-29T11:51:38+00:00\",\"description\":\"Pehme bandaa\u017e kandmiseks raseduse ajal ja vahetult peale s\u00fcnnitust. Toetab leebet taastumist, v\u00f5imaldab keha keskosal vajalikul m\u00e4\u00e4ral liikuda ning vabalt hingata. Aitab enamlevinud rasedusaegsete kaebuste korral (seljavalu, puusavalu, s\u00fcmf\u00fc\u00fcsivalu).\",\"breadcrumb\":{\"@id\":\"https:\\\/\\\/mamaco.ee\\\/toode\\\/pehme-bandaaz-vaagnavooga\\\/#breadcrumb\"},\"inLanguage\":\"fi\",\"potentialAction\":[{\"@type\":\"ReadAction\",\"target\":[\"https:\\\/\\\/mamaco.ee\\\/toode\\\/pehme-bandaaz-vaagnavooga\\\/\"]}]},{\"@type\":\"ImageObject\",\"inLanguage\":\"fi\",\"@id\":\"https:\\\/\\\/mamaco.ee\\\/toode\\\/pehme-bandaaz-vaagnavooga\\\/#primaryimage\",\"url\":\"https:\\\/\\\/mamaco.ee\\\/wp-content\\\/uploads\\\/2021\\\/12\\\/IMG_6620-noBG.png\",\"contentUrl\":\"https:\\\/\\\/mamaco.ee\\\/wp-content\\\/uploads\\\/2021\\\/12\\\/IMG_6620-noBG.png\",\"width\":1800,\"height\":1200},{\"@type\":\"BreadcrumbList\",\"@id\":\"https:\\\/\\\/mamaco.ee\\\/toode\\\/pehme-bandaaz-vaagnavooga\\\/#breadcrumb\",\"itemListElement\":[{\"@type\":\"ListItem\",\"position\":1,\"name\":\"Home\",\"item\":\"https:\\\/\\\/mamaco.ee\\\/\"},{\"@type\":\"ListItem\",\"position\":2,\"name\":\"Tooted\",\"item\":\"https:\\\/\\\/mamaco.ee\\\/pood\\\/\"},{\"@type\":\"ListItem\",\"position\":3,\"name\":\"Pehme bandaa\u017e vaagnav\u00f6\u00f6ga\"}]},{\"@type\":\"WebSite\",\"@id\":\"https:\\\/\\\/mamaco.ee\\\/#website\",\"url\":\"https:\\\/\\\/mamaco.ee\\\/\",\"name\":\"Mamaco - Rasedusaegsed ja s\u00fcnnitusj\u00e4rgsed bandaa\u017eid\",\"description\":\"Pehmed meditsiinilised bandaa\u017eid\",\"publisher\":{\"@id\":\"https:\\\/\\\/mamaco.ee\\\/#organization\"},\"potentialAction\":[{\"@type\":\"SearchAction\",\"target\":{\"@type\":\"EntryPoint\",\"urlTemplate\":\"https:\\\/\\\/mamaco.ee\\\/?s={search_term_string}\"},\"query-input\":{\"@type\":\"PropertyValueSpecification\",\"valueRequired\":true,\"valueName\":\"search_term_string\"}}],\"inLanguage\":\"fi\"},{\"@type\":\"Organization\",\"@id\":\"https:\\\/\\\/mamaco.ee\\\/#organization\",\"name\":\"Mamaco - Rasedusaegsed ja s\u00fcnnitusj\u00e4rgsed bandaa\u017eid\",\"url\":\"https:\\\/\\\/mamaco.ee\\\/\",\"logo\":{\"@type\":\"ImageObject\",\"inLanguage\":\"fi\",\"@id\":\"https:\\\/\\\/mamaco.ee\\\/#\\\/schema\\\/logo\\\/image\\\/\",\"url\":\"https:\\\/\\\/mamaco.ee\\\/wp-content\\\/uploads\\\/2021\\\/02\\\/logo-e1615049978850.png\",\"contentUrl\":\"https:\\\/\\\/mamaco.ee\\\/wp-content\\\/uploads\\\/2021\\\/02\\\/logo-e1615049978850.png\",\"width\":125,\"height\":30,\"caption\":\"Mamaco - Rasedusaegsed ja s\u00fcnnitusj\u00e4rgsed bandaa\u017eid\"},\"image\":{\"@id\":\"https:\\\/\\\/mamaco.ee\\\/#\\\/schema\\\/logo\\\/image\\\/\"},\"sameAs\":[\"https:\\\/\\\/www.facebook.com\\\/formommyscomfort\"]}]}<\/script>\n<!-- \/ Yoast SEO plugin. -->","yoast_head_json":{"title":"Pehme bandaa\u017e vaagnav\u00f6\u00f6ga | Mamaco","description":"Pehme bandaa\u017e kandmiseks raseduse ajal ja vahetult peale s\u00fcnnitust. Toetab leebet taastumist, v\u00f5imaldab keha keskosal vajalikul m\u00e4\u00e4ral liikuda ning vabalt hingata. Aitab enamlevinud rasedusaegsete kaebuste korral (seljavalu, puusavalu, s\u00fcmf\u00fc\u00fcsivalu).","robots":{"index":"index","follow":"follow","max-snippet":"max-snippet:-1","max-image-preview":"max-image-preview:large","max-video-preview":"max-video-preview:-1"},"canonical":"https:\/\/mamaco.ee\/fi\/tuote\/pehme-bandaaz-vaagnavooga\/","og_locale":"fi_FI","og_type":"article","og_title":"Pehme bandaa\u017e vaagnav\u00f6\u00f6ga | Mamaco","og_description":"Pehme bandaa\u017e kandmiseks raseduse ajal ja vahetult peale s\u00fcnnitust. Toetab leebet taastumist, v\u00f5imaldab keha keskosal vajalikul m\u00e4\u00e4ral liikuda ning vabalt hingata. Aitab enamlevinud rasedusaegsete kaebuste korral (seljavalu, puusavalu, s\u00fcmf\u00fc\u00fcsivalu).","og_url":"https:\/\/mamaco.ee\/fi\/tuote\/pehme-bandaaz-vaagnavooga\/","og_site_name":"Mamaco","article_publisher":"https:\/\/www.facebook.com\/formommyscomfort","article_modified_time":"2025-12-29T11:51:38+00:00","og_image":[{"width":1024,"height":683,"url":"https:\/\/mamaco.ee\/wp-content\/uploads\/2021\/12\/IMG_6620-noBG-1024x683.png","type":"image\/png"}],"twitter_card":"summary_large_image","twitter_misc":{"Arvioitu lukuaika":"2 minuuttia"},"schema":{"@context":"https:\/\/schema.org","@graph":[{"@type":"WebPage","@id":"https:\/\/mamaco.ee\/toode\/pehme-bandaaz-vaagnavooga\/","url":"https:\/\/mamaco.ee\/toode\/pehme-bandaaz-vaagnavooga\/","name":"Pehme bandaa\u017e vaagnav\u00f6\u00f6ga | Mamaco","isPartOf":{"@id":"https:\/\/mamaco.ee\/#website"},"primaryImageOfPage":{"@id":"https:\/\/mamaco.ee\/toode\/pehme-bandaaz-vaagnavooga\/#primaryimage"},"image":{"@id":"https:\/\/mamaco.ee\/toode\/pehme-bandaaz-vaagnavooga\/#primaryimage"},"thumbnailUrl":"https:\/\/mamaco.ee\/wp-content\/uploads\/2021\/12\/IMG_6620-noBG.png","datePublished":"2021-12-06T08:56:34+00:00","dateModified":"2025-12-29T11:51:38+00:00","description":"Pehme bandaa\u017e kandmiseks raseduse ajal ja vahetult peale s\u00fcnnitust. Toetab leebet taastumist, v\u00f5imaldab keha keskosal vajalikul m\u00e4\u00e4ral liikuda ning vabalt hingata. Aitab enamlevinud rasedusaegsete kaebuste korral (seljavalu, puusavalu, s\u00fcmf\u00fc\u00fcsivalu).","breadcrumb":{"@id":"https:\/\/mamaco.ee\/toode\/pehme-bandaaz-vaagnavooga\/#breadcrumb"},"inLanguage":"fi","potentialAction":[{"@type":"ReadAction","target":["https:\/\/mamaco.ee\/toode\/pehme-bandaaz-vaagnavooga\/"]}]},{"@type":"ImageObject","inLanguage":"fi","@id":"https:\/\/mamaco.ee\/toode\/pehme-bandaaz-vaagnavooga\/#primaryimage","url":"https:\/\/mamaco.ee\/wp-content\/uploads\/2021\/12\/IMG_6620-noBG.png","contentUrl":"https:\/\/mamaco.ee\/wp-content\/uploads\/2021\/12\/IMG_6620-noBG.png","width":1800,"height":1200},{"@type":"BreadcrumbList","@id":"https:\/\/mamaco.ee\/toode\/pehme-bandaaz-vaagnavooga\/#breadcrumb","itemListElement":[{"@type":"ListItem","position":1,"name":"Home","item":"https:\/\/mamaco.ee\/"},{"@type":"ListItem","position":2,"name":"Tooted","item":"https:\/\/mamaco.ee\/pood\/"},{"@type":"ListItem","position":3,"name":"Pehme bandaa\u017e vaagnav\u00f6\u00f6ga"}]},{"@type":"WebSite","@id":"https:\/\/mamaco.ee\/#website","url":"https:\/\/mamaco.ee\/","name":"Mamaco - Rasedusaegsed ja s\u00fcnnitusj\u00e4rgsed bandaa\u017eid","description":"Pehmed meditsiinilised bandaa\u017eid","publisher":{"@id":"https:\/\/mamaco.ee\/#organization"},"potentialAction":[{"@type":"SearchAction","target":{"@type":"EntryPoint","urlTemplate":"https:\/\/mamaco.ee\/?s={search_term_string}"},"query-input":{"@type":"PropertyValueSpecification","valueRequired":true,"valueName":"search_term_string"}}],"inLanguage":"fi"},{"@type":"Organization","@id":"https:\/\/mamaco.ee\/#organization","name":"Mamaco - Rasedusaegsed ja s\u00fcnnitusj\u00e4rgsed bandaa\u017eid","url":"https:\/\/mamaco.ee\/","logo":{"@type":"ImageObject","inLanguage":"fi","@id":"https:\/\/mamaco.ee\/#\/schema\/logo\/image\/","url":"https:\/\/mamaco.ee\/wp-content\/uploads\/2021\/02\/logo-e1615049978850.png","contentUrl":"https:\/\/mamaco.ee\/wp-content\/uploads\/2021\/02\/logo-e1615049978850.png","width":125,"height":30,"caption":"Mamaco - Rasedusaegsed ja s\u00fcnnitusj\u00e4rgsed bandaa\u017eid"},"image":{"@id":"https:\/\/mamaco.ee\/#\/schema\/logo\/image\/"},"sameAs":["https:\/\/www.facebook.com\/formommyscomfort"]}]}},"_links":{"self":[{"href":"https:\/\/mamaco.ee\/fi\/wp-json\/wp\/v2\/product\/4990","targetHints":{"allow":["GET"]}}],"collection":[{"href":"https:\/\/mamaco.ee\/fi\/wp-json\/wp\/v2\/product"}],"about":[{"href":"https:\/\/mamaco.ee\/fi\/wp-json\/wp\/v2\/types\/product"}],"wp:featuredmedia":[{"embeddable":true,"href":"https:\/\/mamaco.ee\/fi\/wp-json\/wp\/v2\/media\/5683"}],"wp:attachment":[{"href":"https:\/\/mamaco.ee\/fi\/wp-json\/wp\/v2\/media?parent=4990"}],"wp:term":[{"taxonomy":"product_brand","embeddable":true,"href":"https:\/\/mamaco.ee\/fi\/wp-json\/wp\/v2\/product_brand?post=4990"},{"taxonomy":"product_cat","embeddable":true,"href":"https:\/\/mamaco.ee\/fi\/wp-json\/wp\/v2\/product_cat?post=4990"},{"taxonomy":"product_tag","embeddable":true,"href":"https:\/\/mamaco.ee\/fi\/wp-json\/wp\/v2\/product_tag?post=4990"}],"curies":[{"name":"wp","href":"https:\/\/api.w.org\/{rel}","templated":true}]}}