{"id":6223,"date":"2023-01-04T13:01:38","date_gmt":"2023-01-04T13:01:38","guid":{"rendered":"https:\/\/mamaco.ee\/?page_id=6223"},"modified":"2026-03-22T09:15:49","modified_gmt":"2026-03-22T09:15:49","slug":"mamaco-bandaazide-edasimuujad","status":"publish","type":"page","link":"https:\/\/mamaco.ee\/fi\/mamaco-bandaazide-edasimuujad\/","title":{"rendered":"J\u00e4lleenmyyj\u00e4t"},"content":{"rendered":"<div data-elementor-type=\"wp-page\" data-elementor-id=\"6223\" class=\"elementor elementor-6223\">\n\t\t\t\t<div class=\"elementor-element elementor-element-177e8c3 e-con-full e-flex e-con e-parent\" data-id=\"177e8c3\" data-element_type=\"container\">\n\t\t\t\t<div class=\"elementor-element elementor-element-7942abc elementor-widget__width-inherit elementor-widget elementor-widget-heading\" data-id=\"7942abc\" data-element_type=\"widget\" data-widget_type=\"heading.default\">\n\t\t\t\t<div class=\"elementor-widget-container\">\n\t\t\t\t\t<h3 class=\"elementor-heading-title elementor-size-default\">Tukivy\u00f6mme l\u00f6ytyv\u00e4t:<\/h3>\t\t\t\t<\/div>\n\t\t\t\t<\/div>\n\t\t\t\t<\/div>\n\t\t<div class=\"elementor-element elementor-element-2a80132 e-flex e-con-boxed e-con e-parent\" data-id=\"2a80132\" data-element_type=\"container\">\n\t\t\t\t\t<div class=\"e-con-inner\">\n\t\t<div class=\"elementor-element elementor-element-697a9be e-con-full e-flex e-con e-child\" data-id=\"697a9be\" data-element_type=\"container\">\n\t\t\t\t<div class=\"elementor-element elementor-element-2bd8b2a elementor-widget elementor-widget-text-editor\" data-id=\"2bd8b2a\" data-element_type=\"widget\" data-widget_type=\"text-editor.default\">\n\t\t\t\t<div class=\"elementor-widget-container\">\n\t\t\t\t\t\t\t\t\t<h4>Relaxmomin edustajaliike<\/h4><h5>\u2022 Tallinn, S\u00f5le 25<\/h5><div>\u00a0<\/div><h4 style=\"text-align: left;\">2. Teresa Apukeskukset ymp\u00e4ri Viroa<\/h4><div style=\"text-align: justify;\">www.teresa.ee (Tietoa tuotteiden saatavuudesta tietyiss\u00e4 kaupungeissa saat Teresa-keskuksista.)<\/div><h4 style=\"text-align: justify;\"><span style=\"font-size: 10pt;\">Tuotteita voi my\u00f6s ostaa alennettuun hintaan Terveyskassan kautta (Tervisekassa) \u2014 90 % alennus Tervisekassa viitehinnasta. L\u00e4\u00e4k\u00e4rin resepti vaaditaan vatsaleikkauksen, mukaan lukien keisarileikkauksen, j\u00e4lkeiseen k\u00e4ytt\u00f6\u00f6n l\u00e4\u00e4ketieteelliselle laitteelle (vatsaorthoosi, koodi 9MS6771). Raskaana oleville \/ synnytyksen j\u00e4lkeen sovelletaan t\u00e4ytt\u00e4 hintaa.<\/span><\/h4><div style=\"text-align: justify;\">\u00a0<\/div><div><h5>\u2022 P\u00e4rnu, Hommiku 4<\/h5><h5>\u2022 Tallinn, Hariduse 6 (T\u00f5nism\u00e4e Polikliinik)\u00a0<\/h5><h5>\u2022 Tallinn, Karjav\u00e4lja 4 (Mustika Keskus)\u00a0<\/h5><h5>\u2022 Maardu, Keemikute 37 (Maxima maja)<\/h5><\/div><h5>\u2022 Tartu, Kalda tee 1c (Eedeni Keskus)\u00a0<\/h5><h5>\u2022 Rakvere, Laada 20\u00a0<\/h5><h5>\u2022 Viljandi, Ilmarise 1 (Centrum 2)<\/h5><h5>\u2022 V\u00f5ru, Vabaduse 2a\u00a0<\/h5><h5>\u2022 Kohtla-J\u00e4rve, J\u00e4rvek\u00fcla tee 50<\/h5>\t\t\t\t\t\t\t\t<\/div>\n\t\t\t\t<\/div>\n\t\t\t\t<\/div>\n\t\t<div class=\"elementor-element elementor-element-29465ad e-con-full e-flex e-con e-child\" data-id=\"29465ad\" data-element_type=\"container\">\n\t\t\t\t<div class=\"elementor-element elementor-element-15f2e26 elementor-widget elementor-widget-text-editor\" data-id=\"15f2e26\" data-element_type=\"widget\" data-widget_type=\"text-editor.default\">\n\t\t\t\t<div class=\"elementor-widget-container\">\n\t\t\t\t\t\t\t\t\t<h3 style=\"text-align: center;\"><span style=\"font-size: 18pt;\"><br \/>E-POED<\/span><\/h3><p>\u00a0<\/p><h4 style=\"text-align: center;\">Fysioterapeutti Kadri Kruusm\u00e4gi<\/h4><p style=\"text-align: center;\"><a href=\"http:\/\/www.kruusmagi.ee\"><span style=\"font-size: 12pt;\">www.kruusmagi.ee<\/span><\/a><\/p><h4 style=\"text-align: center;\"><span style=\"font-size: 14pt;\">Relaxmom verkkokauppa<\/span><\/h4><p style=\"text-align: center;\"><span style=\"font-size: 12pt;\"><a href=\"http:\/\/www.relaxmom.ee\">www.relaxmom.ee<\/a><\/span><\/p><p style=\"text-align: center;\"><span style=\"font-size: 14pt; color: #000000;\">9 kuud e-pood<\/span><\/p><p style=\"text-align: center;\"><a href=\"http:\/\/www.9kuud.ee\">www.9kuud.ee<\/a><\/p>\t\t\t\t\t\t\t\t<\/div>\n\t\t\t\t<\/div>\n\t\t\t\t<\/div>\n\t\t\t\t\t<\/div>\n\t\t\t\t<\/div>\n\t\t<div class=\"elementor-element elementor-element-a7a0a6d e-flex e-con-boxed e-con e-parent\" data-id=\"a7a0a6d\" data-element_type=\"container\">\n\t\t\t\t\t<div class=\"e-con-inner\">\n\t\t\t\t<div class=\"elementor-element elementor-element-ebe95a1 gallery-spacing-custom elementor-widget elementor-widget-image-gallery\" data-id=\"ebe95a1\" data-element_type=\"widget\" data-widget_type=\"image-gallery.default\">\n\t\t\t\t<div class=\"elementor-widget-container\">\n\t\t\t\t\t\t\t<div class=\"elementor-image-gallery\">\n\t\t\t\n\t\t\t<style type='text\/css'>\n\t\t\t\t#gallery-1 {\n\t\t\t\t\tmargin: auto;\n\t\t\t\t}\n\t\t\t\t#gallery-1 .gallery-item {\n\t\t\t\t\tfloat: left;\n\t\t\t\t\tmargin-top: 10px;\n\t\t\t\t\ttext-align: center;\n\t\t\t\t\twidth: 33%;\n\t\t\t\t}\n\t\t\t\t#gallery-1 img {\n\t\t\t\t\tborder: 2px solid #cfcfcf;\n\t\t\t\t}\n\t\t\t\t#gallery-1 .gallery-caption {\n\t\t\t\t\tmargin-left: 0;\n\t\t\t\t}\n\t\t\t\t\/* see gallery_shortcode() in wp-includes\/media.php *\/\n\t\t\t<\/style>\n\t\t<div id='gallery-1' class='dt-gallery-container gallery galleryid-6223 gallery-columns-3 gallery-size-full'><dl class='gallery-item'>\n\t\t\t\t<dt class='gallery-icon landscape'>\n\t\t\t\t\t<img fetchpriority=\"high\" decoding=\"async\" width=\"2300\" height=\"1533\" src=\"https:\/\/mamaco.ee\/wp-content\/uploads\/2021\/02\/IMG_0112.jpg\" class=\"attachment-full size-full\" alt=\"\" srcset=\"https:\/\/mamaco.ee\/wp-content\/uploads\/2021\/02\/IMG_0112.jpg 2300w, https:\/\/mamaco.ee\/wp-content\/uploads\/2021\/02\/IMG_0112-1064x709.jpg 1064w, https:\/\/mamaco.ee\/wp-content\/uploads\/2021\/02\/IMG_0112-300x200.jpg 300w, https:\/\/mamaco.ee\/wp-content\/uploads\/2021\/02\/IMG_0112-1024x683.jpg 1024w, https:\/\/mamaco.ee\/wp-content\/uploads\/2021\/02\/IMG_0112-768x512.jpg 768w, https:\/\/mamaco.ee\/wp-content\/uploads\/2021\/02\/IMG_0112-1536x1024.jpg 1536w, https:\/\/mamaco.ee\/wp-content\/uploads\/2021\/02\/IMG_0112-2048x1365.jpg 2048w\" sizes=\"(max-width: 2300px) 100vw, 2300px\" \/>\n\t\t\t\t<\/dt><\/dl><dl class='gallery-item'>\n\t\t\t\t<dt class='gallery-icon landscape'>\n\t\t\t\t\t<img decoding=\"async\" width=\"2300\" height=\"1533\" src=\"https:\/\/mamaco.ee\/wp-content\/uploads\/2021\/02\/IMG_0076.jpg\" class=\"attachment-full size-full\" alt=\"\" srcset=\"https:\/\/mamaco.ee\/wp-content\/uploads\/2021\/02\/IMG_0076.jpg 2300w, https:\/\/mamaco.ee\/wp-content\/uploads\/2021\/02\/IMG_0076-1064x709.jpg 1064w, https:\/\/mamaco.ee\/wp-content\/uploads\/2021\/02\/IMG_0076-300x200.jpg 300w, https:\/\/mamaco.ee\/wp-content\/uploads\/2021\/02\/IMG_0076-1024x683.jpg 1024w, https:\/\/mamaco.ee\/wp-content\/uploads\/2021\/02\/IMG_0076-768x512.jpg 768w, https:\/\/mamaco.ee\/wp-content\/uploads\/2021\/02\/IMG_0076-1536x1024.jpg 1536w, https:\/\/mamaco.ee\/wp-content\/uploads\/2021\/02\/IMG_0076-2048x1365.jpg 2048w\" sizes=\"(max-width: 2300px) 100vw, 2300px\" \/>\n\t\t\t\t<\/dt><\/dl><dl class='gallery-item'>\n\t\t\t\t<dt class='gallery-icon landscape'>\n\t\t\t\t\t<img decoding=\"async\" width=\"2300\" height=\"1533\" src=\"https:\/\/mamaco.ee\/wp-content\/uploads\/2021\/02\/IMG_0255.jpg\" class=\"attachment-full size-full\" alt=\"\" srcset=\"https:\/\/mamaco.ee\/wp-content\/uploads\/2021\/02\/IMG_0255.jpg 2300w, https:\/\/mamaco.ee\/wp-content\/uploads\/2021\/02\/IMG_0255-1064x709.jpg 1064w, https:\/\/mamaco.ee\/wp-content\/uploads\/2021\/02\/IMG_0255-300x200.jpg 300w, https:\/\/mamaco.ee\/wp-content\/uploads\/2021\/02\/IMG_0255-1024x683.jpg 1024w, https:\/\/mamaco.ee\/wp-content\/uploads\/2021\/02\/IMG_0255-768x512.jpg 768w, https:\/\/mamaco.ee\/wp-content\/uploads\/2021\/02\/IMG_0255-1536x1024.jpg 1536w, https:\/\/mamaco.ee\/wp-content\/uploads\/2021\/02\/IMG_0255-2048x1365.jpg 2048w\" sizes=\"(max-width: 2300px) 100vw, 2300px\" \/>\n\t\t\t\t<\/dt><\/dl><br style=\"clear: both\" \/>\n\t\t\t<\/div>\n\t\t<\/div>\n\t\t\t\t\t\t<\/div>\n\t\t\t\t<\/div>\n\t\t\t\t\t<\/div>\n\t\t\t\t<\/div>\n\t\t\t\t<\/div>","protected":false},"excerpt":{"rendered":"<p>MEIE BANDAA\u017dID LEIAD: 1. Relaxmom esinduspood \u2022 Tallinn, S\u00f5le 25 \u00a0 2. Teresa Abivahendikeskustest \u00fcle Eesti www.teresa.ee (infot toodete sortimendi olemasolu kohta vastavas linnas saab Teresast) Poodidest on v\u00f5imalik toodet osta ka Tervisekassa poolse soodustusega (rakendub 90% soodustus Tervisekassa piirhinnast). Vajalik on arsti retsept k\u00f5huoperatsiooni sh keisril\u00f5ike j\u00e4rgselt meditsiiniseadmele (k\u00f5huortoos, kood 9MS6771). Rasedatele \/ vaginaalse&hellip;<\/p>","protected":false},"author":2,"featured_media":0,"parent":0,"menu_order":0,"comment_status":"closed","ping_status":"closed","template":"elementor_header_footer","meta":{"om_disable_all_campaigns":false,"_monsterinsights_skip_tracking":false,"_monsterinsights_sitenote_active":false,"_monsterinsights_sitenote_note":"","_monsterinsights_sitenote_category":0,"footnotes":""},"class_list":["post-6223","page","type-page","status-publish","hentry"],"yoast_head":"<!-- This site is optimized with the Yoast SEO plugin v27.4 - https:\/\/yoast.com\/product\/yoast-seo-wordpress\/ -->\n<title>Edasim\u00fc\u00fcjad | Meie bandaa\u017eid leiad neist kauplustest | Mamaco<\/title>\n<meta name=\"description\" content=\"Mamaco pehmed bandaazid leiad meie edasim\u00fc\u00fcjate juurest \u00fcle Eesti. K\u00fclasta l\u00e4himat poodi ja leia sobiv suurus kohapeal.\" \/>\n<meta name=\"robots\" content=\"index, follow, max-snippet:-1, max-image-preview:large, max-video-preview:-1\" \/>\n<link rel=\"canonical\" href=\"https:\/\/mamaco.ee\/fi\/mamaco-bandaazide-edasimuujad\/\" \/>\n<meta property=\"og:locale\" content=\"fi_FI\" \/>\n<meta property=\"og:type\" content=\"article\" \/>\n<meta property=\"og:title\" content=\"Edasim\u00fc\u00fcjad | Meie bandaa\u017eid leiad neist kauplustest | Mamaco\" \/>\n<meta property=\"og:description\" content=\"Mamaco pehmed bandaazid leiad meie edasim\u00fc\u00fcjate juurest \u00fcle Eesti. K\u00fclasta l\u00e4himat poodi ja leia sobiv suurus kohapeal.\" \/>\n<meta property=\"og:url\" content=\"https:\/\/mamaco.ee\/fi\/mamaco-bandaazide-edasimuujad\/\" \/>\n<meta property=\"og:site_name\" content=\"Mamaco\" \/>\n<meta property=\"article:publisher\" content=\"https:\/\/www.facebook.com\/formommyscomfort\" \/>\n<meta property=\"article:modified_time\" content=\"2026-03-22T09:15:49+00:00\" \/>\n<meta property=\"og:image\" content=\"https:\/\/mamaco.ee\/wp-content\/uploads\/2021\/02\/IMG_0112.jpg\" \/>\n<meta name=\"twitter:card\" content=\"summary_large_image\" \/>\n<meta name=\"twitter:label1\" content=\"Arvioitu lukuaika\" \/>\n\t<meta name=\"twitter:data1\" content=\"2 minuuttia\" \/>\n<script type=\"application\/ld+json\" class=\"yoast-schema-graph\">{\"@context\":\"https:\\\/\\\/schema.org\",\"@graph\":[{\"@type\":\"WebPage\",\"@id\":\"https:\\\/\\\/mamaco.ee\\\/mamaco-bandaazide-edasimuujad\\\/\",\"url\":\"https:\\\/\\\/mamaco.ee\\\/mamaco-bandaazide-edasimuujad\\\/\",\"name\":\"Edasim\u00fc\u00fcjad | Meie bandaa\u017eid leiad neist kauplustest | Mamaco\",\"isPartOf\":{\"@id\":\"https:\\\/\\\/mamaco.ee\\\/#website\"},\"primaryImageOfPage\":{\"@id\":\"https:\\\/\\\/mamaco.ee\\\/mamaco-bandaazide-edasimuujad\\\/#primaryimage\"},\"image\":{\"@id\":\"https:\\\/\\\/mamaco.ee\\\/mamaco-bandaazide-edasimuujad\\\/#primaryimage\"},\"thumbnailUrl\":\"https:\\\/\\\/mamaco.ee\\\/wp-content\\\/uploads\\\/2021\\\/02\\\/IMG_0112.jpg\",\"datePublished\":\"2023-01-04T13:01:38+00:00\",\"dateModified\":\"2026-03-22T09:15:49+00:00\",\"description\":\"Mamaco pehmed bandaazid leiad meie edasim\u00fc\u00fcjate juurest \u00fcle Eesti. K\u00fclasta l\u00e4himat poodi ja leia sobiv suurus kohapeal.\",\"breadcrumb\":{\"@id\":\"https:\\\/\\\/mamaco.ee\\\/mamaco-bandaazide-edasimuujad\\\/#breadcrumb\"},\"inLanguage\":\"fi\",\"potentialAction\":[{\"@type\":\"ReadAction\",\"target\":[\"https:\\\/\\\/mamaco.ee\\\/mamaco-bandaazide-edasimuujad\\\/\"]}]},{\"@type\":\"ImageObject\",\"inLanguage\":\"fi\",\"@id\":\"https:\\\/\\\/mamaco.ee\\\/mamaco-bandaazide-edasimuujad\\\/#primaryimage\",\"url\":\"https:\\\/\\\/mamaco.ee\\\/wp-content\\\/uploads\\\/2021\\\/02\\\/IMG_0112.jpg\",\"contentUrl\":\"https:\\\/\\\/mamaco.ee\\\/wp-content\\\/uploads\\\/2021\\\/02\\\/IMG_0112.jpg\"},{\"@type\":\"BreadcrumbList\",\"@id\":\"https:\\\/\\\/mamaco.ee\\\/mamaco-bandaazide-edasimuujad\\\/#breadcrumb\",\"itemListElement\":[{\"@type\":\"ListItem\",\"position\":1,\"name\":\"Home\",\"item\":\"https:\\\/\\\/mamaco.ee\\\/\"},{\"@type\":\"ListItem\",\"position\":2,\"name\":\"Edasim\u00fc\u00fcjad\"}]},{\"@type\":\"WebSite\",\"@id\":\"https:\\\/\\\/mamaco.ee\\\/#website\",\"url\":\"https:\\\/\\\/mamaco.ee\\\/\",\"name\":\"Mamaco - Rasedusaegsed ja s\u00fcnnitusj\u00e4rgsed bandaa\u017eid\",\"description\":\"Pehmed meditsiinilised bandaa\u017eid\",\"publisher\":{\"@id\":\"https:\\\/\\\/mamaco.ee\\\/#organization\"},\"potentialAction\":[{\"@type\":\"SearchAction\",\"target\":{\"@type\":\"EntryPoint\",\"urlTemplate\":\"https:\\\/\\\/mamaco.ee\\\/?s={search_term_string}\"},\"query-input\":{\"@type\":\"PropertyValueSpecification\",\"valueRequired\":true,\"valueName\":\"search_term_string\"}}],\"inLanguage\":\"fi\"},{\"@type\":\"Organization\",\"@id\":\"https:\\\/\\\/mamaco.ee\\\/#organization\",\"name\":\"Mamaco - Rasedusaegsed ja s\u00fcnnitusj\u00e4rgsed bandaa\u017eid\",\"url\":\"https:\\\/\\\/mamaco.ee\\\/\",\"logo\":{\"@type\":\"ImageObject\",\"inLanguage\":\"fi\",\"@id\":\"https:\\\/\\\/mamaco.ee\\\/#\\\/schema\\\/logo\\\/image\\\/\",\"url\":\"https:\\\/\\\/mamaco.ee\\\/wp-content\\\/uploads\\\/2021\\\/02\\\/logo-e1615049978850.png\",\"contentUrl\":\"https:\\\/\\\/mamaco.ee\\\/wp-content\\\/uploads\\\/2021\\\/02\\\/logo-e1615049978850.png\",\"width\":125,\"height\":30,\"caption\":\"Mamaco - Rasedusaegsed ja s\u00fcnnitusj\u00e4rgsed bandaa\u017eid\"},\"image\":{\"@id\":\"https:\\\/\\\/mamaco.ee\\\/#\\\/schema\\\/logo\\\/image\\\/\"},\"sameAs\":[\"https:\\\/\\\/www.facebook.com\\\/formommyscomfort\"]}]}<\/script>\n<!-- \/ Yoast SEO plugin. -->","yoast_head_json":{"title":"Edasim\u00fc\u00fcjad | Meie bandaa\u017eid leiad neist kauplustest | Mamaco","description":"Mamaco pehmed bandaazid leiad meie edasim\u00fc\u00fcjate juurest \u00fcle Eesti. K\u00fclasta l\u00e4himat poodi ja leia sobiv suurus kohapeal.","robots":{"index":"index","follow":"follow","max-snippet":"max-snippet:-1","max-image-preview":"max-image-preview:large","max-video-preview":"max-video-preview:-1"},"canonical":"https:\/\/mamaco.ee\/fi\/mamaco-bandaazide-edasimuujad\/","og_locale":"fi_FI","og_type":"article","og_title":"Edasim\u00fc\u00fcjad | Meie bandaa\u017eid leiad neist kauplustest | Mamaco","og_description":"Mamaco pehmed bandaazid leiad meie edasim\u00fc\u00fcjate juurest \u00fcle Eesti. K\u00fclasta l\u00e4himat poodi ja leia sobiv suurus kohapeal.","og_url":"https:\/\/mamaco.ee\/fi\/mamaco-bandaazide-edasimuujad\/","og_site_name":"Mamaco","article_publisher":"https:\/\/www.facebook.com\/formommyscomfort","article_modified_time":"2026-03-22T09:15:49+00:00","og_image":[{"url":"https:\/\/mamaco.ee\/wp-content\/uploads\/2021\/02\/IMG_0112.jpg","type":"","width":"","height":""}],"twitter_card":"summary_large_image","twitter_misc":{"Arvioitu lukuaika":"2 minuuttia"},"schema":{"@context":"https:\/\/schema.org","@graph":[{"@type":"WebPage","@id":"https:\/\/mamaco.ee\/mamaco-bandaazide-edasimuujad\/","url":"https:\/\/mamaco.ee\/mamaco-bandaazide-edasimuujad\/","name":"Edasim\u00fc\u00fcjad | Meie bandaa\u017eid leiad neist kauplustest | Mamaco","isPartOf":{"@id":"https:\/\/mamaco.ee\/#website"},"primaryImageOfPage":{"@id":"https:\/\/mamaco.ee\/mamaco-bandaazide-edasimuujad\/#primaryimage"},"image":{"@id":"https:\/\/mamaco.ee\/mamaco-bandaazide-edasimuujad\/#primaryimage"},"thumbnailUrl":"https:\/\/mamaco.ee\/wp-content\/uploads\/2021\/02\/IMG_0112.jpg","datePublished":"2023-01-04T13:01:38+00:00","dateModified":"2026-03-22T09:15:49+00:00","description":"Mamaco pehmed bandaazid leiad meie edasim\u00fc\u00fcjate juurest \u00fcle Eesti. K\u00fclasta l\u00e4himat poodi ja leia sobiv suurus kohapeal.","breadcrumb":{"@id":"https:\/\/mamaco.ee\/mamaco-bandaazide-edasimuujad\/#breadcrumb"},"inLanguage":"fi","potentialAction":[{"@type":"ReadAction","target":["https:\/\/mamaco.ee\/mamaco-bandaazide-edasimuujad\/"]}]},{"@type":"ImageObject","inLanguage":"fi","@id":"https:\/\/mamaco.ee\/mamaco-bandaazide-edasimuujad\/#primaryimage","url":"https:\/\/mamaco.ee\/wp-content\/uploads\/2021\/02\/IMG_0112.jpg","contentUrl":"https:\/\/mamaco.ee\/wp-content\/uploads\/2021\/02\/IMG_0112.jpg"},{"@type":"BreadcrumbList","@id":"https:\/\/mamaco.ee\/mamaco-bandaazide-edasimuujad\/#breadcrumb","itemListElement":[{"@type":"ListItem","position":1,"name":"Home","item":"https:\/\/mamaco.ee\/"},{"@type":"ListItem","position":2,"name":"Edasim\u00fc\u00fcjad"}]},{"@type":"WebSite","@id":"https:\/\/mamaco.ee\/#website","url":"https:\/\/mamaco.ee\/","name":"Mamaco - Rasedusaegsed ja s\u00fcnnitusj\u00e4rgsed bandaa\u017eid","description":"Pehmed meditsiinilised bandaa\u017eid","publisher":{"@id":"https:\/\/mamaco.ee\/#organization"},"potentialAction":[{"@type":"SearchAction","target":{"@type":"EntryPoint","urlTemplate":"https:\/\/mamaco.ee\/?s={search_term_string}"},"query-input":{"@type":"PropertyValueSpecification","valueRequired":true,"valueName":"search_term_string"}}],"inLanguage":"fi"},{"@type":"Organization","@id":"https:\/\/mamaco.ee\/#organization","name":"Mamaco - Rasedusaegsed ja s\u00fcnnitusj\u00e4rgsed bandaa\u017eid","url":"https:\/\/mamaco.ee\/","logo":{"@type":"ImageObject","inLanguage":"fi","@id":"https:\/\/mamaco.ee\/#\/schema\/logo\/image\/","url":"https:\/\/mamaco.ee\/wp-content\/uploads\/2021\/02\/logo-e1615049978850.png","contentUrl":"https:\/\/mamaco.ee\/wp-content\/uploads\/2021\/02\/logo-e1615049978850.png","width":125,"height":30,"caption":"Mamaco - Rasedusaegsed ja s\u00fcnnitusj\u00e4rgsed bandaa\u017eid"},"image":{"@id":"https:\/\/mamaco.ee\/#\/schema\/logo\/image\/"},"sameAs":["https:\/\/www.facebook.com\/formommyscomfort"]}]}},"_links":{"self":[{"href":"https:\/\/mamaco.ee\/fi\/wp-json\/wp\/v2\/pages\/6223","targetHints":{"allow":["GET"]}}],"collection":[{"href":"https:\/\/mamaco.ee\/fi\/wp-json\/wp\/v2\/pages"}],"about":[{"href":"https:\/\/mamaco.ee\/fi\/wp-json\/wp\/v2\/types\/page"}],"author":[{"embeddable":true,"href":"https:\/\/mamaco.ee\/fi\/wp-json\/wp\/v2\/users\/2"}],"replies":[{"embeddable":true,"href":"https:\/\/mamaco.ee\/fi\/wp-json\/wp\/v2\/comments?post=6223"}],"version-history":[{"count":99,"href":"https:\/\/mamaco.ee\/fi\/wp-json\/wp\/v2\/pages\/6223\/revisions"}],"predecessor-version":[{"id":7046,"href":"https:\/\/mamaco.ee\/fi\/wp-json\/wp\/v2\/pages\/6223\/revisions\/7046"}],"wp:attachment":[{"href":"https:\/\/mamaco.ee\/fi\/wp-json\/wp\/v2\/media?parent=6223"}],"curies":[{"name":"wp","href":"https:\/\/api.w.org\/{rel}","templated":true}]}}