{"id":316,"date":"2019-12-11T15:21:35","date_gmt":"2019-12-11T15:21:35","guid":{"rendered":"https:\/\/the7.io\/fashion-blog\/?page_id=316"},"modified":"2023-08-30T15:43:26","modified_gmt":"2023-08-30T15:43:26","slug":"muugitingimused","status":"publish","type":"page","link":"https:\/\/mamaco.ee\/fi\/muugitingimused\/","title":{"rendered":"Myyntiehdot"},"content":{"rendered":"<div data-elementor-type=\"wp-page\" data-elementor-id=\"316\" class=\"elementor elementor-316\">\n\t\t\t\t\t\t<section class=\"elementor-section elementor-top-section elementor-element elementor-element-10e6cef elementor-section-content-middle elementor-section-boxed elementor-section-height-default elementor-section-height-default\" data-id=\"10e6cef\" data-element_type=\"section\">\n\t\t\t\t\t\t<div class=\"elementor-container elementor-column-gap-default\">\n\t\t\t\t\t<div class=\"elementor-column elementor-col-100 elementor-top-column elementor-element elementor-element-a169c2c\" data-id=\"a169c2c\" data-element_type=\"column\">\n\t\t\t<div class=\"elementor-widget-wrap elementor-element-populated\">\n\t\t\t\t\t\t<div class=\"elementor-element elementor-element-9c508c5 elementor-widget elementor-widget-text-editor\" data-id=\"9c508c5\" data-element_type=\"widget\" data-widget_type=\"text-editor.default\">\n\t\t\t\t<div class=\"elementor-widget-container\">\n\t\t\t\t\t\t\t\t\t<div title=\"Page 1\"><div><div><p style=\"text-align: justify;\"><span style=\"font-size: 10pt;\"><strong>Veebipoe www.mamaco.ee mu\u0308u\u0308gitingimused<\/strong><\/span><\/p><\/div><\/div><div style=\"text-align: justify;\"><div><p><span style=\"font-size: 10pt;\">Veebipoe www.mamaco.ee (edaspidi Veebipood) omanikuks on Fysiomed OU\u0308 (registrikood 11890698), juriidilise aadressiga Pulga tee 23, Reiu ku\u0308la, Ha\u0308a\u0308demeeste vald, Pa\u0308rnumaa 86508, Eesti. Ja\u0308rgnevalt kirjeldame Veebipoes tehtavate ostude tingimusi tarbijale\/ e-poe kliendile:<\/span><\/p><p><span style=\"font-size: 10pt;\">\u2022mu\u0308u\u0308gilepingu kehtivus;<\/span><br \/><span style=\"font-size: 10pt;\">\u2022toodete hinnainfo ja makseviisid;<\/span><br \/><span style=\"font-size: 10pt;\">\u2022kauba saatmine ja maksumus;<\/span><br \/><span style=\"font-size: 10pt;\">\u2022ostuprotsessi kirjeldus;<\/span><br \/><span style=\"font-size: 10pt;\">\u2022tellimusega seotud info edastamise kord;<\/span><br \/><span style=\"font-size: 10pt;\">\u2022kauba u\u0308mbervahetamise ja tagastamise kord;\u00a0<\/span><br \/><span style=\"font-size: 10pt;\">\u2022pretensiooni esitamine ja vaidluste lahendamine; <\/span><br \/><span style=\"font-size: 10pt;\">\u2022isikuandmete to\u0308o\u0308tlemine ja otseturustusteated.<\/span><\/p><p><span style=\"font-size: 10pt;\">Kui vajate abi meie Veebipoes ostu sooritamisel vo\u0303i soovite konsulteerida meie poolt mu\u0308u\u0308davaid tooteid puudutavates ku\u0308simustes, palume po\u0308o\u0308rduda klienditoe poole telefonil +372 51 09 561 (E-R 10.00 \u2013 16:00 (GMT+2)), kasutades Veebipoe kontaktivormi vo\u0303i e-posti aadressi info@mamaco.ee vo\u0303i saata so\u0303num Mamaco Facebooki lehe kaudu. Kirjadele vastatakse 7 to\u0308o\u0308pa\u0308eva jooksu.<\/span><\/p><p><span style=\"font-size: 10pt;\"><strong>Mu\u0308u\u0308gilepingu kehtivus<\/strong><\/span><\/p><p><span style=\"font-size: 10pt;\">Mu\u0308u\u0308gitingimused kehtivad Veebipoest ostja (edaspidi Klient) ja ettevo\u0303tte Fysiomed OU\u0308 (edaspidi Veebipood) vahel kaupade ostmisel. Lisaks ka\u0308esolevatele tingimustele reguleerivad Veebipoest toodete ostmisel tekkivaid o\u0303igussuhteid Eesti Vabariigis kehtivad vo\u0303lao\u0303igusseadus (edaspidi VO\u0303S), tarbijakaitseseadus ja teised o\u0303igusaktid. Kauba tellimuse kinnitamisega kohustub Veebipood andma Kliendile u\u0308le tema poolt tellitud kauba ning tegema vo\u0303imalikuks omandi u\u0308lemineku Kliendile. Klient kohustub Veebipoele tasuma kauba eest esitatud arvel na\u0308idatud summa ja vo\u0303tma kauba vastu. Tellimused, mille eest ei ole tasutud, annulleeritakse 2 to\u0308o\u0308pa\u0308eva mo\u0308o\u0308dudes alates tellimuse edastamise kuupa\u0308evast. Mu\u0308u\u0308gileping jo\u0303ustub pa\u0308rast Kliendi tehtud makse laekumist Veebipoe omaniku Fysiomed OU\u0308 SEB arvelduskontole a\/a EE631010220111060013. Veebipoest ostes kinnitab Klient, et no\u0303ustub Veebipoe mu\u0308u\u0308gitingimustega.<\/span><\/p><p><span style=\"font-size: 10pt;\"><strong>Toodete hinnainfo ja makseviisid<\/strong><\/span><\/p><p><span style=\"font-size: 10pt;\">Veebipoes mu\u0308u\u0308davate kaupade hinnad on ma\u0308rgitud kaupade juurde. Nii kaupade hinnad kui arveldamine on eurodes (\u20ac). Veebipoes toodud kaupade hinnad sisaldavad k\u00e4ibemaksu. Sooritatud ostude eest tasutakse 100% ettemaksuna. Hinnad kehtivad tellimuse vormistamisest kuni vormistatud tellimuse makseta\u0308htaja aegumiseni vo\u0303i tellimuse eest tehtud makse laekumiseni. Kui tellimus on esitatud enne mu\u0308u\u0308gitingimuste vo\u0303i hindade muutmist, kohaldatakse Kliendi ja Fysiomed OU\u0308 vahel tekkinud o\u0303igussuhetele tellimuse vormistamise ajal kehtinud tingimusi. Veebipood ja\u0308tab endale o\u0303iguse teha mu\u0308u\u0308gihindades muudatusi. Nimetatud muudatusi kajastatakse veebilehel www.mamaco.ee. Makseid vahendab AS SEB Pank. Aktsepteeritavad makseviisid on pangalink (SEB, Swedbank, LHV, Luminor, Citadele)<\/span><span style=\"font-size: 10pt; word-spacing: normal;\">\u00a0ning krediitkaardid Visa ja MasterCard.<\/span><\/p><p><span style=\"font-size: 10pt;\"><strong>Kauba saatmine ja maksumus<\/strong><\/span><\/p><p><span style=\"font-size: 10pt;\">Tellimuste keskmine tarneaeg on 3-5 to\u0308o\u0308pa\u0308eva alates tellimuse jo\u0303ustumisest (makse laekumisest). Viivituste tekkimisel informeerib Veebipoe klienditeenindus Klienti viivitamatult. Kauba hinnale lisandub tasu kauba ka\u0308ttetoimetamise eest va\u0308lja arvatud juhul kui ei ole ma\u0308rgitud Veebipoes teisiti. Ka\u0308ttetoimetamise tasu on kliendile na\u0308ha tellimuse vormistamisel. Pa\u0308rast makse laekumist komplekteerib Veebipood tellimuse ning annab selle kohaletoimetamiseks u\u0308le ettevo\u0303tte logistikapartneritele. Veebipoes na\u0308idatud kohaletoimetamise ta\u0308htajad kehtivad tellimuse summa laekumise hetkest Veebipoe arvelduskontole. Viivitusteta kohaletoimetamiseks tuleb veenduda kohaletoimetamise andmete korrektsuses. Veebipood ei vastuta kauba kohaletoimetamise viibimise eest juhul, kui kaup on logistikapartneritele u\u0308le antud o\u0303igel ajal vo\u0303i kohaletoimetamise viibimine on tingitud asjaoludest, mida Veebipood ei saanud mo\u0303jutada ega ette na\u0308ha.<\/span><\/p><\/div><\/div><\/div><div style=\"text-align: justify;\" title=\"Page 2\"><div><div><p><span style=\"font-size: 10pt;\">Kauba saatmise viisid on ja\u0308rgmised:<\/span><br \/><span style=\"font-size: 10pt;\">\u2022Smartposti pakiautomaadid u\u0308le Eesti &#8211; transporditeenuse maksumus alates 3 eurot <\/span><br \/><span style=\"font-size: 10pt;\">\u2022Omniva pakiautomaadid u\u0308le Eesti &#8211; transporditeenuse maksumus alates 3 eurot<\/span><\/p><p><span style=\"font-size: 10pt;\"><strong>Ostuprotsessi kirjeldus<\/strong><\/span><\/p><p><span style=\"font-size: 10pt;\">1. Kauba tellimiseks tuleb lisada soovitud tooted ostukorvi. Sooduskoodi olemasolu korral saab selle lisada lahtrisse &#8220;sooduskood&#8221;, mis asub toote juures (Ostukorvi vaade). Liigu lingile \u201eMine maksma\u02ee.<\/span><\/p><p><span style=\"font-size: 10pt;\">2. Tellimuse vormistamiseks tuleb ta\u0308ita no\u0303utud andmeva\u0308ljad ning valida sobiv toodete kohaletoimetamise viis. Ekraani paremal pool tulbas on n\u00e4ha tasu suurus, mille saab tasuda pangalingi kaudu vo\u0303i kasutades krediitkaarte.<\/span><\/p><p><span style=\"font-size: 10pt;\">3. Kauba eest saab maksta la\u0308bi SEB makselahenduse ja la\u0308bi ja\u0308rgmiste pankade pangalinkide:\u00a0<\/span><span style=\"font-size: 13.3333px; word-spacing: normal;\">\u00a0<\/span><span style=\"font-size: 13.3333px; word-spacing: normal;\">SEB, Swedbank, LHV, Luminor, Citadele\u00a0<\/span><span style=\"font-size: 10pt; word-spacing: normal;\">ja krediitkaartidega Visa ja MasterCard. Kaardimakse on turvaline, kuna kaardiomaniku autentimine toimub Mastercard Identity Check vo\u0303i Visa Secure (3D Secure) lahendusega.<\/span><\/p><p><span style=\"font-size: 10pt;\">4. Pa\u0308rast valitud makseviisi edukat sooritust kuvatakse ekraanile tellimuse kinnitus ning saadetakse see ka Kliendi poolt sisestatud e-posti aadressile. Ebao\u0303nnestunud makseviisi kasutamise korral tellimuse ka\u0308sitlus peatatakse ning pakutakse vo\u0303imalust makset uuesti sooritada.<\/span><\/p><p><span style=\"font-size: 10pt;\">5. Leping jo\u0303ustub alates tasumisele kuuluva summa laekumisest Veebipoe arvelduskontole.<\/span><\/p><p><span style=\"font-size: 10pt;\">6. Kui tellitud kaupa ei ole vo\u0303imalik tarnida seoses kauba lo\u0303ppemisega vo\u0303i muul po\u0303hjusel, teavitatakse sellest Klienti esimesel vo\u0303imalusel ning tagastatakse tasutud raha (sh kauba ka\u0308ttetoimetamise kulud) viivitamata, kuid mitte hiljem kui 7 to\u0308o\u0308pa\u0308eva jooksul teate saatmisest.<\/span><\/p><p><span style=\"font-size: 10pt;\"><strong>Tellimusega seotud info edastamise kord<\/strong><\/span><\/p><p><span style=\"font-size: 10pt;\">Veebipoes tehtud tellimusi ta\u0308idetakse to\u0308o\u0308pa\u0308evadel (E\u2212R) kell 10.00\u221216.00 ning keskmiselt kulub tellimuse ta\u0308itmiseks 3-5 to\u0308o\u0308pa\u0308eva. Kui tellimus on Kliendi poolt valitud transpordiviisiks ette valmistatud, saadetakse Kliendile ka vastavasisuline teade e-posti teel. Juhul kui tellimuse ta\u0308itmine vo\u0303tab aega enam vo\u0303i tellimuse ta\u0308itmisel ilmnevad mingid probleemid, vo\u0303etakse Kliendiga koheselt u\u0308hendust ning lepitakse tellimuse ta\u0308itmise tingimused kokku ta\u0308iendavalt.<\/span><\/p><p><span style=\"font-size: 10pt;\"><strong>Kauba u\u0308mbervahetamise ja tagastamise kord<\/strong><\/span><\/p><p><span style=\"font-size: 10pt;\">Kliendil on o\u0303igus lepingust taganeda, kaupa u\u0308mber vahetada vo\u0303i tagasi saata vastavalt mu\u0308u\u0308gitingimustes sa\u0308testatud no\u0303uetele ja kindlaksma\u0308a\u0308ratud ta\u0308htaja jooksul. Toote u\u0308mbervahetamise vo\u0303i toote no\u0303uetele mittevastavuse osas palume kirjutada meile info@mamaco.ee. Vo\u0303tame u\u0308hendust esimesel vo\u0303imalusel aga mitte hiljem kui 7 to\u0308o\u0308pa\u0308eva jooksul.<\/span><\/p><p><span style=\"font-size: 10pt;\">14-pa\u0308evane taganemiso\u0303igus VO\u0303S \u00a756:<\/span><\/p><p><span style=\"font-size: 10pt;\">Pa\u0308rast kauba ka\u0308ttesaamist on Kliendil o\u0303igus Veebipoes so\u0303lmitud lepingust taganeda 14 pa\u0308eva jooksul. Taganemiso\u0303igus ei kohaldu, kui ostjaks on juriidiline isik. 14-pa\u0308evase taganemiso\u0303iguse kasutamiseks ei tohi tellitud kaupa kasutada muul viisil kui on vajalik kauba olemuses, omadustes ja toimimises veendumiseks viisil nagu see on lubatud tutvumiseks tavapa\u0308raselt fu\u0308u\u0308silises poes. Taganemiso\u0303igust ei saa kasutada, kui Klient on toodet juba kasutanud vo\u0303i avanud pakendi viisil (nt katki, ma\u0308a\u0308rdunud), mille to\u0303ttu ei saa seda enam kolmandatele isikutele pakkuda. Kauba tagastamiseks tuleb taganemise soovist teada anda e-posti aadressil info@mamaco.ee hiljemalt 14 pa\u0308eva jooksul peale Veebipoes lepingu so\u0303lmimist. Veebipoe kinnituse korral tuleb Kliendil tagastada tellitud kaup oma originaalpakendis koos ostuarvega hiljemalt 14 pa\u0308eva pa\u0308rast avalduse esitamist. Kauba tagastamise\/u\u0308mbervahetamise kulud kannab Klient, va\u0308lja arvatud juhul, kui tagastamise po\u0303hjus seisneb asjaolus, et tagastamisele kuuluv asi ei vasta tellitule (nt vale vo\u0303i defektiga toode, mille eest vastutab Veebipood). Kui Klient on kaupa kasutanud muuks otstarbeks kui on vajalik kauba olemuses, omadustes ja toimimises veendumiseks vo\u0303i sellel on kasutamise vo\u0303i kulumise ma\u0308rke, on Veebipoel o\u0303igus alandada tagastatavat tasu vastavalt kauba va\u0308a\u0308rtuse va\u0308henemisele. Tagastatud kauba eest kantakse raha tagasi samale arvelduskontole, millelt Klient tasus kauba eest. Veebipood tagastab ostusumma Kliendile esimesel vo\u0303imalusel, kuid mitte hiljem kui 7 pa\u0308eva jooksul alates kauba ka\u0308ttesaamisest Veebipoe valdusesse. Veebipoel on o\u0303igus taganeda mu\u0308u\u0308gitehingust ning no\u0303uda Kliendilt tagasi kaup, kui kauba hind veebipoes on eksituse to\u0303ttu ma\u0308rgitud oluliselt alla kauba turuhinna.<\/span><\/p><\/div><\/div><\/div><div title=\"Page 3\"><div><div><p style=\"text-align: justify;\"><span style=\"font-size: 10pt;\"><b>Tagastada ei saa tooteid, mis on SOODUSHINNAGA (erihind, eripakkumine, kampaania, sooduspakkumine), misto\u0303ttu on eriti oluline veenduda ostusoovis antud tingimustel ja kauba sobivuses enne ostu sooritamist! <\/b>Veebipood soovib pakkuda meeldivat ostuprotsessi ning kvaliteetseid kaupu ja teenuseid. Kui te Kliendina ei ole siiski rahul oma ostuga, palun andke sellest meile teada e-posti aadressil info@mamaco.ee. Veebipood teeb endast ko\u0303ik, et tulla vastu oma klientidele ning leida lahendusi, et ostukogemus Veebipoes oleks meeldiv!<\/span><\/p><p style=\"text-align: justify;\"><span style=\"font-size: 10pt;\"><strong>Pretensiooni esitamine ja vaidluste lahendamine<\/strong><\/span><\/p><p style=\"text-align: justify;\"><span style=\"font-size: 10pt;\">Veebipood vastutab Kliendile mu\u0308u\u0308dud kauba lepingutingimustele mittevastavuse vo\u0303i puuduse eest, mis oli olemas juba asja u\u0308leandmise hetkel. Veebipood ei vastuta puuduste eest, mis on tekkinud pa\u0308rast kauba u\u0308leandmist Kliendile (Veebipoest mitteso\u0303ltuv puudus vo\u0303i viga). Kui Veebipoest ostetud kaubal on puudused, mille eest Veebipood vastutab, parandab vo\u0303i asendab Veebipood puudusega kauba. Kui kaupa ei ole vo\u0303imalik parandada ega asendada, tagastab Veebipood Kliendile ko\u0303ik mu\u0308u\u0308gilepinguga kaasnenud tasud.<\/span><\/p><p style=\"text-align: justify;\"><span style=\"font-size: 10pt;\">Veebipoest ostetud kaubale kehtib garantiiperiood 2 kuud. Garantii dokumendiks on mu\u0308u\u0308giarve. Garantiidokumendil peab olema ma\u0308rgitud toote nimi ja mu\u0308u\u0308gikuupa\u0308ev. No\u0303uetekohase dokumendi puudumisel garantii ei kehti. Kliendil on o\u0303igus puuduse ilmnemisel po\u0308o\u0308rduda hiljemalt kahe kuu jooksul peale mu\u0308u\u0308gilepingu so\u0303lmimist Veebipoes klienditoe poole. Kuna Veebipood mu\u0308u\u0308b ka igapa\u0308evaseks tarbimiseks mo\u0303eldud tekstiilitooteid, on Kliendil vaja arvestada kangamaterjali\/toote loomuliku kulumisega. Va\u0308ltimaks pooltevahelisi vaidlusi peab Klient enne tellitud toote kasutamist ta\u0308helepanelikult tutvuma toote kasutusjuhendiga ja kasutama toodet vastavalt tootja soovitustele. Veebipood vastab Kliendi esitatud kaebusele kirjalikult 7 to\u0308o\u0308pa\u0308eva jooksul.<\/span><\/p><p style=\"text-align: justify;\"><span style=\"font-size: 10pt;\">Kui Kliendil on Veebipoe osas pretensioone, tuleb need saata e-posti aadressile info@mamaco.ee vo\u0303i helistada telefonil +372 51 09 561. Kui Klient ja Veebipood ei suuda lahendada vaidlust kokkuleppe teel, siis on Kliendil vo\u0303imalik po\u0308o\u0308rduda Tarbijavaidluste komisjoni poole (https:\/\/komisjon.ee\/et\/avalduse-esitamine). Vaidluste lahendamisel la\u0308htutakse Eesti Vabariigi seadustest. Tarbijavaidluste komisjoni pa\u0308devuses on lahendada Kliendi ja Veebipoe vahel so\u0303lmitud lepingust tulenevaid vaidlusi. Tarbija kaebuse la\u0308bivaatamine komisjonis on tasuta.<\/span><\/p><p style=\"text-align: justify;\"><span style=\"font-size: 10pt;\"><strong>Isikuandmete to\u0308o\u0308tlemine ja otseturustusteated<\/strong><\/span><\/p><p style=\"text-align: justify;\"><span style=\"font-size: 10pt;\">Veebipoe tellimuste keskkonnas sa\u0308ilitatavaid andmeid ka\u0308sitletakse kui konfidentsiaalset informatsiooni. Veebipood kasutab Kliendi poolt sisestatud isikuandmeid (sh nimi, telefoninumber, e-posti aadress, pangarekvisiidid) ainult tellimuse to\u0308o\u0308tlemiseks ning Kliendile kauba saatmiseks, samuti selleks, et lahendada kaupade ja teenuste osutamisega seonduvaid ku\u0308simusi (klienditugi). Pangakonto numbrit kasutatakse Kliendile maksete tagastamiseks. Veebipood edastab isikuandmeid veoteenust pakkuvale ettevo\u0303tetele ainult selleks, et kaupa kohale toimetada. Veebipood saadab Kliendile uudiskirju ning pakkumisi Kliendi e-posti aadressile ainult juhul, kui Klient on selleks avaldanud soovi sisestades veebilehel e-posti aadressi ning andnud teada oma soovist otsepostituse teadete saamiseks. Kliendil on igal ajal vo\u0303imalik loobuda e-postile saadetavatest pakkumistest ja uudiskirjadest andes sellest meile teada e-kirja teel vo\u0303i ja\u0308rgides pakkumisi sisaldavas e-kirjas toodud juhiseid. Ko\u0303ik lisaku\u0308simused on oodatud info@mamaco.ee.<\/span><\/p><p style=\"text-align: justify;\"><span style=\"font-size: 10pt;\"><strong>Autorio\u0303igus<\/strong><\/span><\/p><p style=\"text-align: justify;\"><span style=\"font-size: 10pt;\">Mamaco kaubama\u0308rk kuulub Fysiomed OU\u0308-le. Veebilehel kasutatud materjalid (tekstid, pildid) on kaitstud autorio\u0303igusega ning veebilehe sisu ei tohi ilma Fysiomed OU\u0308 no\u0303usolekuta kasutada ja levitada.<\/span><\/p><\/div><\/div><\/div>\t\t\t\t\t\t\t\t<\/div>\n\t\t\t\t<\/div>\n\t\t\t\t\t<\/div>\n\t\t<\/div>\n\t\t\t\t\t<\/div>\n\t\t<\/section>\n\t\t\t\t<\/div>","protected":false},"excerpt":{"rendered":"<p>Veebipoe www.mamaco.ee mu\u0308u\u0308gitingimused Veebipoe www.mamaco.ee (edaspidi Veebipood) omanikuks on Fysiomed OU\u0308 (registrikood 11890698), juriidilise aadressiga Pulga tee 23, Reiu ku\u0308la, Ha\u0308a\u0308demeeste vald, Pa\u0308rnumaa 86508, Eesti. Ja\u0308rgnevalt kirjeldame Veebipoes tehtavate ostude tingimusi tarbijale\/ e-poe kliendile: \u2022mu\u0308u\u0308gilepingu kehtivus;\u2022toodete hinnainfo ja makseviisid;\u2022kauba saatmine ja maksumus;\u2022ostuprotsessi kirjeldus;\u2022tellimusega seotud info edastamise kord;\u2022kauba u\u0308mbervahetamise ja tagastamise kord;\u00a0\u2022pretensiooni esitamine ja vaidluste lahendamine;&hellip;<\/p>","protected":false},"author":1,"featured_media":0,"parent":0,"menu_order":0,"comment_status":"closed","ping_status":"closed","template":"","meta":{"om_disable_all_campaigns":false,"_monsterinsights_skip_tracking":false,"_monsterinsights_sitenote_active":false,"_monsterinsights_sitenote_note":"","_monsterinsights_sitenote_category":0,"footnotes":""},"class_list":["post-316","page","type-page","status-publish","hentry"],"yoast_head":"<!-- This site is optimized with the Yoast SEO plugin v27.4 - https:\/\/yoast.com\/product\/yoast-seo-wordpress\/ -->\n<title>M\u00fc\u00fcgitingimused - Mamaco<\/title>\n<meta name=\"robots\" content=\"index, follow, max-snippet:-1, max-image-preview:large, max-video-preview:-1\" \/>\n<link rel=\"canonical\" href=\"https:\/\/mamaco.ee\/fi\/muugitingimused\/\" \/>\n<meta property=\"og:locale\" content=\"fi_FI\" \/>\n<meta property=\"og:type\" content=\"article\" \/>\n<meta property=\"og:title\" content=\"M\u00fc\u00fcgitingimused - Mamaco\" \/>\n<meta property=\"og:description\" content=\"Veebipoe www.mamaco.ee mu\u0308u\u0308gitingimused Veebipoe www.mamaco.ee (edaspidi Veebipood) omanikuks on Fysiomed OU\u0308 (registrikood 11890698), juriidilise aadressiga Pulga tee 23, Reiu ku\u0308la, Ha\u0308a\u0308demeeste vald, Pa\u0308rnumaa 86508, Eesti. Ja\u0308rgnevalt kirjeldame Veebipoes tehtavate ostude tingimusi tarbijale\/ e-poe kliendile: \u2022mu\u0308u\u0308gilepingu kehtivus;\u2022toodete hinnainfo ja makseviisid;\u2022kauba saatmine ja maksumus;\u2022ostuprotsessi kirjeldus;\u2022tellimusega seotud info edastamise kord;\u2022kauba u\u0308mbervahetamise ja tagastamise kord;\u00a0\u2022pretensiooni esitamine ja vaidluste lahendamine;&hellip;\" \/>\n<meta property=\"og:url\" content=\"https:\/\/mamaco.ee\/fi\/muugitingimused\/\" \/>\n<meta property=\"og:site_name\" content=\"Mamaco\" \/>\n<meta property=\"article:publisher\" content=\"https:\/\/www.facebook.com\/formommyscomfort\" \/>\n<meta property=\"article:modified_time\" content=\"2023-08-30T15:43:26+00:00\" \/>\n<meta name=\"twitter:card\" content=\"summary_large_image\" \/>\n<meta name=\"twitter:label1\" content=\"Arvioitu lukuaika\" \/>\n\t<meta name=\"twitter:data1\" content=\"8 minuuttia\" \/>\n<script type=\"application\/ld+json\" class=\"yoast-schema-graph\">{\"@context\":\"https:\\\/\\\/schema.org\",\"@graph\":[{\"@type\":\"WebPage\",\"@id\":\"https:\\\/\\\/mamaco.ee\\\/muugitingimused\\\/\",\"url\":\"https:\\\/\\\/mamaco.ee\\\/muugitingimused\\\/\",\"name\":\"M\u00fc\u00fcgitingimused - Mamaco\",\"isPartOf\":{\"@id\":\"https:\\\/\\\/mamaco.ee\\\/#website\"},\"datePublished\":\"2019-12-11T15:21:35+00:00\",\"dateModified\":\"2023-08-30T15:43:26+00:00\",\"breadcrumb\":{\"@id\":\"https:\\\/\\\/mamaco.ee\\\/muugitingimused\\\/#breadcrumb\"},\"inLanguage\":\"fi\",\"potentialAction\":[{\"@type\":\"ReadAction\",\"target\":[\"https:\\\/\\\/mamaco.ee\\\/muugitingimused\\\/\"]}]},{\"@type\":\"BreadcrumbList\",\"@id\":\"https:\\\/\\\/mamaco.ee\\\/muugitingimused\\\/#breadcrumb\",\"itemListElement\":[{\"@type\":\"ListItem\",\"position\":1,\"name\":\"Home\",\"item\":\"https:\\\/\\\/mamaco.ee\\\/\"},{\"@type\":\"ListItem\",\"position\":2,\"name\":\"M\u00fc\u00fcgitingimused\"}]},{\"@type\":\"WebSite\",\"@id\":\"https:\\\/\\\/mamaco.ee\\\/#website\",\"url\":\"https:\\\/\\\/mamaco.ee\\\/\",\"name\":\"Mamaco - Rasedusaegsed ja s\u00fcnnitusj\u00e4rgsed bandaa\u017eid\",\"description\":\"Pehmed meditsiinilised bandaa\u017eid\",\"publisher\":{\"@id\":\"https:\\\/\\\/mamaco.ee\\\/#organization\"},\"potentialAction\":[{\"@type\":\"SearchAction\",\"target\":{\"@type\":\"EntryPoint\",\"urlTemplate\":\"https:\\\/\\\/mamaco.ee\\\/?s={search_term_string}\"},\"query-input\":{\"@type\":\"PropertyValueSpecification\",\"valueRequired\":true,\"valueName\":\"search_term_string\"}}],\"inLanguage\":\"fi\"},{\"@type\":\"Organization\",\"@id\":\"https:\\\/\\\/mamaco.ee\\\/#organization\",\"name\":\"Mamaco - Rasedusaegsed ja s\u00fcnnitusj\u00e4rgsed bandaa\u017eid\",\"url\":\"https:\\\/\\\/mamaco.ee\\\/\",\"logo\":{\"@type\":\"ImageObject\",\"inLanguage\":\"fi\",\"@id\":\"https:\\\/\\\/mamaco.ee\\\/#\\\/schema\\\/logo\\\/image\\\/\",\"url\":\"https:\\\/\\\/mamaco.ee\\\/wp-content\\\/uploads\\\/2021\\\/02\\\/logo-e1615049978850.png\",\"contentUrl\":\"https:\\\/\\\/mamaco.ee\\\/wp-content\\\/uploads\\\/2021\\\/02\\\/logo-e1615049978850.png\",\"width\":125,\"height\":30,\"caption\":\"Mamaco - Rasedusaegsed ja s\u00fcnnitusj\u00e4rgsed bandaa\u017eid\"},\"image\":{\"@id\":\"https:\\\/\\\/mamaco.ee\\\/#\\\/schema\\\/logo\\\/image\\\/\"},\"sameAs\":[\"https:\\\/\\\/www.facebook.com\\\/formommyscomfort\"]}]}<\/script>\n<!-- \/ Yoast SEO plugin. -->","yoast_head_json":{"title":"M\u00fc\u00fcgitingimused - Mamaco","robots":{"index":"index","follow":"follow","max-snippet":"max-snippet:-1","max-image-preview":"max-image-preview:large","max-video-preview":"max-video-preview:-1"},"canonical":"https:\/\/mamaco.ee\/fi\/muugitingimused\/","og_locale":"fi_FI","og_type":"article","og_title":"M\u00fc\u00fcgitingimused - Mamaco","og_description":"Veebipoe www.mamaco.ee mu\u0308u\u0308gitingimused Veebipoe www.mamaco.ee (edaspidi Veebipood) omanikuks on Fysiomed OU\u0308 (registrikood 11890698), juriidilise aadressiga Pulga tee 23, Reiu ku\u0308la, Ha\u0308a\u0308demeeste vald, Pa\u0308rnumaa 86508, Eesti. Ja\u0308rgnevalt kirjeldame Veebipoes tehtavate ostude tingimusi tarbijale\/ e-poe kliendile: \u2022mu\u0308u\u0308gilepingu kehtivus;\u2022toodete hinnainfo ja makseviisid;\u2022kauba saatmine ja maksumus;\u2022ostuprotsessi kirjeldus;\u2022tellimusega seotud info edastamise kord;\u2022kauba u\u0308mbervahetamise ja tagastamise kord;\u00a0\u2022pretensiooni esitamine ja vaidluste lahendamine;&hellip;","og_url":"https:\/\/mamaco.ee\/fi\/muugitingimused\/","og_site_name":"Mamaco","article_publisher":"https:\/\/www.facebook.com\/formommyscomfort","article_modified_time":"2023-08-30T15:43:26+00:00","twitter_card":"summary_large_image","twitter_misc":{"Arvioitu lukuaika":"8 minuuttia"},"schema":{"@context":"https:\/\/schema.org","@graph":[{"@type":"WebPage","@id":"https:\/\/mamaco.ee\/muugitingimused\/","url":"https:\/\/mamaco.ee\/muugitingimused\/","name":"M\u00fc\u00fcgitingimused - Mamaco","isPartOf":{"@id":"https:\/\/mamaco.ee\/#website"},"datePublished":"2019-12-11T15:21:35+00:00","dateModified":"2023-08-30T15:43:26+00:00","breadcrumb":{"@id":"https:\/\/mamaco.ee\/muugitingimused\/#breadcrumb"},"inLanguage":"fi","potentialAction":[{"@type":"ReadAction","target":["https:\/\/mamaco.ee\/muugitingimused\/"]}]},{"@type":"BreadcrumbList","@id":"https:\/\/mamaco.ee\/muugitingimused\/#breadcrumb","itemListElement":[{"@type":"ListItem","position":1,"name":"Home","item":"https:\/\/mamaco.ee\/"},{"@type":"ListItem","position":2,"name":"M\u00fc\u00fcgitingimused"}]},{"@type":"WebSite","@id":"https:\/\/mamaco.ee\/#website","url":"https:\/\/mamaco.ee\/","name":"Mamaco - Rasedusaegsed ja s\u00fcnnitusj\u00e4rgsed bandaa\u017eid","description":"Pehmed meditsiinilised bandaa\u017eid","publisher":{"@id":"https:\/\/mamaco.ee\/#organization"},"potentialAction":[{"@type":"SearchAction","target":{"@type":"EntryPoint","urlTemplate":"https:\/\/mamaco.ee\/?s={search_term_string}"},"query-input":{"@type":"PropertyValueSpecification","valueRequired":true,"valueName":"search_term_string"}}],"inLanguage":"fi"},{"@type":"Organization","@id":"https:\/\/mamaco.ee\/#organization","name":"Mamaco - Rasedusaegsed ja s\u00fcnnitusj\u00e4rgsed bandaa\u017eid","url":"https:\/\/mamaco.ee\/","logo":{"@type":"ImageObject","inLanguage":"fi","@id":"https:\/\/mamaco.ee\/#\/schema\/logo\/image\/","url":"https:\/\/mamaco.ee\/wp-content\/uploads\/2021\/02\/logo-e1615049978850.png","contentUrl":"https:\/\/mamaco.ee\/wp-content\/uploads\/2021\/02\/logo-e1615049978850.png","width":125,"height":30,"caption":"Mamaco - Rasedusaegsed ja s\u00fcnnitusj\u00e4rgsed bandaa\u017eid"},"image":{"@id":"https:\/\/mamaco.ee\/#\/schema\/logo\/image\/"},"sameAs":["https:\/\/www.facebook.com\/formommyscomfort"]}]}},"_links":{"self":[{"href":"https:\/\/mamaco.ee\/fi\/wp-json\/wp\/v2\/pages\/316","targetHints":{"allow":["GET"]}}],"collection":[{"href":"https:\/\/mamaco.ee\/fi\/wp-json\/wp\/v2\/pages"}],"about":[{"href":"https:\/\/mamaco.ee\/fi\/wp-json\/wp\/v2\/types\/page"}],"author":[{"embeddable":true,"href":"https:\/\/mamaco.ee\/fi\/wp-json\/wp\/v2\/users\/1"}],"replies":[{"embeddable":true,"href":"https:\/\/mamaco.ee\/fi\/wp-json\/wp\/v2\/comments?post=316"}],"version-history":[{"count":57,"href":"https:\/\/mamaco.ee\/fi\/wp-json\/wp\/v2\/pages\/316\/revisions"}],"predecessor-version":[{"id":6390,"href":"https:\/\/mamaco.ee\/fi\/wp-json\/wp\/v2\/pages\/316\/revisions\/6390"}],"wp:attachment":[{"href":"https:\/\/mamaco.ee\/fi\/wp-json\/wp\/v2\/media?parent=316"}],"curies":[{"name":"wp","href":"https:\/\/api.w.org\/{rel}","templated":true}]}}