{"id":4990,"date":"2021-12-06T08:56:34","date_gmt":"2021-12-06T08:56:34","guid":{"rendered":"https:\/\/mamaco.ee\/?post_type=product&#038;p=4990"},"modified":"2025-12-29T11:51:38","modified_gmt":"2025-12-29T11:51:38","slug":"pehme-bandaaz-vaagnavooga","status":"publish","type":"product","link":"https:\/\/mamaco.ee\/en\/product\/pehme-bandaaz-vaagnavooga\/","title":{"rendered":"Soft belly wrap with pelvic belt"},"content":{"rendered":"<p style=\"text-align: justify;\"><strong>During pregnancy<\/strong><\/p>\n<p style=\"text-align: justify;\">The soft cotton fabric belly wrap is designed for use during pregnancy when the first discomforts of the skeletal muscle system due to pregnancy already occur or start to appear (usually around the 28th week of pregnancy). More frequent complaints are a feeling of tension and pain between the shoulder blades, in the lower back and sacrum region, tingling or swollen hands and feet, varicose veins of the legs, diastasis and umbilical hernia. The bandage provides comfortable support for the abdomen and lower back, helps to correct the posture and thus relieves the previously mentioned complaints. Wearing a pelvic band has the effect of lifting the stomach and thus helps to reduce the tension and stretching of the abdominal skin, provides relief for back pain, and pain in the hip, sacrum and \"tailbones\" and promotes better blood circulation between the lower and upper body. The belly wrap is suitable for use throughout the day, adjusting it more tightly or loosely around the body as desired. The fabric of the bandage has the OEKO-TEX 100 certificate, which indicates that it is skin-friendly, and environmental resources have been used more sparingly in the production of the fabric.<\/p>\n<p>&nbsp;<\/p>\n<p style=\"text-align: justify;\"><strong>Postpartum<\/strong><\/p>\n<p style=\"text-align: justify;\">Peale s\u00fcnnitust v\u00f5ib bandaa\u017ei kasutama hakata juba j\u00e4rgmisel p\u00e4eval, kuid toimida tuleks vastavalt enesetundele. Bandaa\u017e pannakse \u00fcmber k\u00f5hu nagu m\u00e4his ning sellest tekkiv kerge surve pakub keha keskosale mugavat toestust. Bandaa\u017ei abil v\u00e4heneb s\u00fcnnituse j\u00e4rgselt v\u00e4line koormus v\u00e4ljavenitatud ja n\u00f5rkadelt k\u00f5hulihastelt. Lisaks on kergem hoida \u00f5iget r\u00fchti ning igap\u00e4evane liikumine on valutum. S\u00fcnnitusj\u00e4rgselt aitab bandaa\u017eist tulenev kompressioon v\u00e4hendada alak\u00f5hus ja vaagnap\u00f5hja piirkonnas valitsevat &#8220;v\u00e4ljavajumise&#8221; tunnet. V\u00f5rreldes klassikaliste kumjate bandaa\u017eide, k\u00f5huv\u00f6\u00f6de v\u00f5i korsettidega s\u00e4ilib pehmet bandaa\u017ei kandes keha keskosa normaalne liikuvus ja vaba ning s\u00fcgav hingamisr\u00fctm. Need omadused on v\u00e4ga olulised s\u00fcnnitusj\u00e4rgsel perioodil lihastunnetuse, -j\u00f5u ja -koordinatsiooni taastumisel. T\u00e4nu reguleerimisv\u00f5imalusele saate s\u00e4ttida bandaa\u017ei t\u00e4pselt nii tugevalt ja toetavalt, et tunnete end maksimaalselt mugavalt. Ideaalne kasutamiseks 1\u20132 kuud peale s\u00fcnnitust.<\/p>\n<p>&nbsp;<\/p>\n<p><a href=\"https:\/\/mamaco.ee\/wp-content\/uploads\/2022\/04\/Mamaco_kasutusjuhend_EST_ENG.pdf\">MANUAL<\/a><\/p>\n<p>&nbsp;<\/p>","protected":false},"excerpt":{"rendered":"<p style=\"text-align: justify;\"><span style=\"font-size: 12pt;\"><strong>Mamaco belly wrap gently supports the abdomen during pregnancy and promotes recovery from childbirth<\/strong><\/span><\/p>\n<p style=\"text-align: justify;\">The belly wrap is suitable for use during pregnancy, postpartum and when recovering from caesarean section:<\/p>\n<ul style=\"text-align: justify;\">\n<li>provides comfortable support for the lower back, abdominal muscles, abdominal organs and caesarean sutures,<\/li>\n<li>relieves fatigue in the back and legs due to the weight of the growing belly,<\/li>\n<li>provides support for abdominal hernia and diastasis,<\/li>\n<li>the compression promotes the reduction of swelling and pain after a caesarean section,<\/li>\n<li>The adjustable pelvic belt, specially designed for use with the belly wrap, supports the lower back and abdomen at 360 degrees and also relieves various pelvic pain syndromes, tension, discomfort or heaviness.<\/li>\n<li>easy to put on and comfortable to wear under clothes.<\/li>\n<\/ul>\n<p style=\"text-align: justify;\"><strong>Included in the package: <\/strong>belly wrap, pelvic belt, user manual<\/p>\n<p style=\"text-align: justify;\"><strong>Color: <\/strong>Black<\/p>","protected":false},"featured_media":5683,"template":"","meta":{"om_disable_all_campaigns":false,"_monsterinsights_skip_tracking":false,"_monsterinsights_sitenote_active":false,"_monsterinsights_sitenote_note":"","_monsterinsights_sitenote_category":0},"product_brand":[],"product_cat":[175],"product_tag":[],"class_list":{"0":"post-4990","1":"product","2":"type-product","3":"status-publish","4":"has-post-thumbnail","6":"product_cat-tooted","7":"description-off","9":"first","10":"instock","11":"shipping-taxable","12":"purchasable","13":"product-type-variable"},"yoast_head":"<!-- This site is optimized with the Yoast SEO plugin v27.5 - https:\/\/yoast.com\/product\/yoast-seo-wordpress\/ -->\n<title>Pehme bandaa\u017e vaagnav\u00f6\u00f6ga | Mamaco<\/title>\n<meta name=\"description\" content=\"Pehme bandaa\u017e kandmiseks raseduse ajal ja vahetult peale s\u00fcnnitust. Toetab leebet taastumist, v\u00f5imaldab keha keskosal vajalikul m\u00e4\u00e4ral liikuda ning vabalt hingata. Aitab enamlevinud rasedusaegsete kaebuste korral (seljavalu, puusavalu, s\u00fcmf\u00fc\u00fcsivalu).\" \/>\n<meta name=\"robots\" content=\"index, follow, max-snippet:-1, max-image-preview:large, max-video-preview:-1\" \/>\n<link rel=\"canonical\" href=\"https:\/\/mamaco.ee\/en\/product\/pehme-bandaaz-vaagnavooga\/\" \/>\n<meta property=\"og:locale\" content=\"en_US\" \/>\n<meta property=\"og:type\" content=\"article\" \/>\n<meta property=\"og:title\" content=\"Pehme bandaa\u017e vaagnav\u00f6\u00f6ga | Mamaco\" \/>\n<meta property=\"og:description\" content=\"Pehme bandaa\u017e kandmiseks raseduse ajal ja vahetult peale s\u00fcnnitust. Toetab leebet taastumist, v\u00f5imaldab keha keskosal vajalikul m\u00e4\u00e4ral liikuda ning vabalt hingata. Aitab enamlevinud rasedusaegsete kaebuste korral (seljavalu, puusavalu, s\u00fcmf\u00fc\u00fcsivalu).\" \/>\n<meta property=\"og:url\" content=\"https:\/\/mamaco.ee\/en\/product\/pehme-bandaaz-vaagnavooga\/\" \/>\n<meta property=\"og:site_name\" content=\"Mamaco\" \/>\n<meta property=\"article:publisher\" content=\"https:\/\/www.facebook.com\/formommyscomfort\" \/>\n<meta property=\"article:modified_time\" content=\"2025-12-29T11:51:38+00:00\" \/>\n<meta property=\"og:image\" content=\"https:\/\/mamaco.ee\/wp-content\/uploads\/2021\/12\/IMG_6620-noBG-1024x683.png\" \/>\n\t<meta property=\"og:image:width\" content=\"1024\" \/>\n\t<meta property=\"og:image:height\" content=\"683\" \/>\n\t<meta property=\"og:image:type\" content=\"image\/png\" \/>\n<meta name=\"twitter:card\" content=\"summary_large_image\" \/>\n<meta name=\"twitter:label1\" content=\"Est. reading time\" \/>\n\t<meta name=\"twitter:data1\" content=\"2 minutes\" \/>\n<script type=\"application\/ld+json\" class=\"yoast-schema-graph\">{\"@context\":\"https:\\\/\\\/schema.org\",\"@graph\":[{\"@type\":\"WebPage\",\"@id\":\"https:\\\/\\\/mamaco.ee\\\/toode\\\/pehme-bandaaz-vaagnavooga\\\/\",\"url\":\"https:\\\/\\\/mamaco.ee\\\/toode\\\/pehme-bandaaz-vaagnavooga\\\/\",\"name\":\"Pehme bandaa\u017e vaagnav\u00f6\u00f6ga | Mamaco\",\"isPartOf\":{\"@id\":\"https:\\\/\\\/mamaco.ee\\\/#website\"},\"primaryImageOfPage\":{\"@id\":\"https:\\\/\\\/mamaco.ee\\\/toode\\\/pehme-bandaaz-vaagnavooga\\\/#primaryimage\"},\"image\":{\"@id\":\"https:\\\/\\\/mamaco.ee\\\/toode\\\/pehme-bandaaz-vaagnavooga\\\/#primaryimage\"},\"thumbnailUrl\":\"https:\\\/\\\/mamaco.ee\\\/wp-content\\\/uploads\\\/2021\\\/12\\\/IMG_6620-noBG.png\",\"datePublished\":\"2021-12-06T08:56:34+00:00\",\"dateModified\":\"2025-12-29T11:51:38+00:00\",\"description\":\"Pehme bandaa\u017e kandmiseks raseduse ajal ja vahetult peale s\u00fcnnitust. Toetab leebet taastumist, v\u00f5imaldab keha keskosal vajalikul m\u00e4\u00e4ral liikuda ning vabalt hingata. Aitab enamlevinud rasedusaegsete kaebuste korral (seljavalu, puusavalu, s\u00fcmf\u00fc\u00fcsivalu).\",\"breadcrumb\":{\"@id\":\"https:\\\/\\\/mamaco.ee\\\/toode\\\/pehme-bandaaz-vaagnavooga\\\/#breadcrumb\"},\"inLanguage\":\"en-US\",\"potentialAction\":[{\"@type\":\"ReadAction\",\"target\":[\"https:\\\/\\\/mamaco.ee\\\/toode\\\/pehme-bandaaz-vaagnavooga\\\/\"]}]},{\"@type\":\"ImageObject\",\"inLanguage\":\"en-US\",\"@id\":\"https:\\\/\\\/mamaco.ee\\\/toode\\\/pehme-bandaaz-vaagnavooga\\\/#primaryimage\",\"url\":\"https:\\\/\\\/mamaco.ee\\\/wp-content\\\/uploads\\\/2021\\\/12\\\/IMG_6620-noBG.png\",\"contentUrl\":\"https:\\\/\\\/mamaco.ee\\\/wp-content\\\/uploads\\\/2021\\\/12\\\/IMG_6620-noBG.png\",\"width\":1800,\"height\":1200},{\"@type\":\"BreadcrumbList\",\"@id\":\"https:\\\/\\\/mamaco.ee\\\/toode\\\/pehme-bandaaz-vaagnavooga\\\/#breadcrumb\",\"itemListElement\":[{\"@type\":\"ListItem\",\"position\":1,\"name\":\"Home\",\"item\":\"https:\\\/\\\/mamaco.ee\\\/\"},{\"@type\":\"ListItem\",\"position\":2,\"name\":\"Tooted\",\"item\":\"https:\\\/\\\/mamaco.ee\\\/pood\\\/\"},{\"@type\":\"ListItem\",\"position\":3,\"name\":\"Pehme bandaa\u017e vaagnav\u00f6\u00f6ga\"}]},{\"@type\":\"WebSite\",\"@id\":\"https:\\\/\\\/mamaco.ee\\\/#website\",\"url\":\"https:\\\/\\\/mamaco.ee\\\/\",\"name\":\"Mamaco - Rasedusaegsed ja s\u00fcnnitusj\u00e4rgsed bandaa\u017eid\",\"description\":\"Pehmed meditsiinilised bandaa\u017eid\",\"publisher\":{\"@id\":\"https:\\\/\\\/mamaco.ee\\\/#organization\"},\"potentialAction\":[{\"@type\":\"SearchAction\",\"target\":{\"@type\":\"EntryPoint\",\"urlTemplate\":\"https:\\\/\\\/mamaco.ee\\\/?s={search_term_string}\"},\"query-input\":{\"@type\":\"PropertyValueSpecification\",\"valueRequired\":true,\"valueName\":\"search_term_string\"}}],\"inLanguage\":\"en-US\"},{\"@type\":\"Organization\",\"@id\":\"https:\\\/\\\/mamaco.ee\\\/#organization\",\"name\":\"Mamaco - Rasedusaegsed ja s\u00fcnnitusj\u00e4rgsed bandaa\u017eid\",\"url\":\"https:\\\/\\\/mamaco.ee\\\/\",\"logo\":{\"@type\":\"ImageObject\",\"inLanguage\":\"en-US\",\"@id\":\"https:\\\/\\\/mamaco.ee\\\/#\\\/schema\\\/logo\\\/image\\\/\",\"url\":\"https:\\\/\\\/mamaco.ee\\\/wp-content\\\/uploads\\\/2021\\\/02\\\/logo-e1615049978850.png\",\"contentUrl\":\"https:\\\/\\\/mamaco.ee\\\/wp-content\\\/uploads\\\/2021\\\/02\\\/logo-e1615049978850.png\",\"width\":125,\"height\":30,\"caption\":\"Mamaco - Rasedusaegsed ja s\u00fcnnitusj\u00e4rgsed bandaa\u017eid\"},\"image\":{\"@id\":\"https:\\\/\\\/mamaco.ee\\\/#\\\/schema\\\/logo\\\/image\\\/\"},\"sameAs\":[\"https:\\\/\\\/www.facebook.com\\\/formommyscomfort\"]}]}<\/script>\n<!-- \/ Yoast SEO plugin. -->","yoast_head_json":{"title":"Pehme bandaa\u017e vaagnav\u00f6\u00f6ga | Mamaco","description":"Pehme bandaa\u017e kandmiseks raseduse ajal ja vahetult peale s\u00fcnnitust. Toetab leebet taastumist, v\u00f5imaldab keha keskosal vajalikul m\u00e4\u00e4ral liikuda ning vabalt hingata. Aitab enamlevinud rasedusaegsete kaebuste korral (seljavalu, puusavalu, s\u00fcmf\u00fc\u00fcsivalu).","robots":{"index":"index","follow":"follow","max-snippet":"max-snippet:-1","max-image-preview":"max-image-preview:large","max-video-preview":"max-video-preview:-1"},"canonical":"https:\/\/mamaco.ee\/en\/product\/pehme-bandaaz-vaagnavooga\/","og_locale":"en_US","og_type":"article","og_title":"Pehme bandaa\u017e vaagnav\u00f6\u00f6ga | Mamaco","og_description":"Pehme bandaa\u017e kandmiseks raseduse ajal ja vahetult peale s\u00fcnnitust. Toetab leebet taastumist, v\u00f5imaldab keha keskosal vajalikul m\u00e4\u00e4ral liikuda ning vabalt hingata. Aitab enamlevinud rasedusaegsete kaebuste korral (seljavalu, puusavalu, s\u00fcmf\u00fc\u00fcsivalu).","og_url":"https:\/\/mamaco.ee\/en\/product\/pehme-bandaaz-vaagnavooga\/","og_site_name":"Mamaco","article_publisher":"https:\/\/www.facebook.com\/formommyscomfort","article_modified_time":"2025-12-29T11:51:38+00:00","og_image":[{"width":1024,"height":683,"url":"https:\/\/mamaco.ee\/wp-content\/uploads\/2021\/12\/IMG_6620-noBG-1024x683.png","type":"image\/png"}],"twitter_card":"summary_large_image","twitter_misc":{"Est. reading time":"2 minutes"},"schema":{"@context":"https:\/\/schema.org","@graph":[{"@type":"WebPage","@id":"https:\/\/mamaco.ee\/toode\/pehme-bandaaz-vaagnavooga\/","url":"https:\/\/mamaco.ee\/toode\/pehme-bandaaz-vaagnavooga\/","name":"Pehme bandaa\u017e vaagnav\u00f6\u00f6ga | Mamaco","isPartOf":{"@id":"https:\/\/mamaco.ee\/#website"},"primaryImageOfPage":{"@id":"https:\/\/mamaco.ee\/toode\/pehme-bandaaz-vaagnavooga\/#primaryimage"},"image":{"@id":"https:\/\/mamaco.ee\/toode\/pehme-bandaaz-vaagnavooga\/#primaryimage"},"thumbnailUrl":"https:\/\/mamaco.ee\/wp-content\/uploads\/2021\/12\/IMG_6620-noBG.png","datePublished":"2021-12-06T08:56:34+00:00","dateModified":"2025-12-29T11:51:38+00:00","description":"Pehme bandaa\u017e kandmiseks raseduse ajal ja vahetult peale s\u00fcnnitust. Toetab leebet taastumist, v\u00f5imaldab keha keskosal vajalikul m\u00e4\u00e4ral liikuda ning vabalt hingata. Aitab enamlevinud rasedusaegsete kaebuste korral (seljavalu, puusavalu, s\u00fcmf\u00fc\u00fcsivalu).","breadcrumb":{"@id":"https:\/\/mamaco.ee\/toode\/pehme-bandaaz-vaagnavooga\/#breadcrumb"},"inLanguage":"en-US","potentialAction":[{"@type":"ReadAction","target":["https:\/\/mamaco.ee\/toode\/pehme-bandaaz-vaagnavooga\/"]}]},{"@type":"ImageObject","inLanguage":"en-US","@id":"https:\/\/mamaco.ee\/toode\/pehme-bandaaz-vaagnavooga\/#primaryimage","url":"https:\/\/mamaco.ee\/wp-content\/uploads\/2021\/12\/IMG_6620-noBG.png","contentUrl":"https:\/\/mamaco.ee\/wp-content\/uploads\/2021\/12\/IMG_6620-noBG.png","width":1800,"height":1200},{"@type":"BreadcrumbList","@id":"https:\/\/mamaco.ee\/toode\/pehme-bandaaz-vaagnavooga\/#breadcrumb","itemListElement":[{"@type":"ListItem","position":1,"name":"Home","item":"https:\/\/mamaco.ee\/"},{"@type":"ListItem","position":2,"name":"Tooted","item":"https:\/\/mamaco.ee\/pood\/"},{"@type":"ListItem","position":3,"name":"Pehme bandaa\u017e vaagnav\u00f6\u00f6ga"}]},{"@type":"WebSite","@id":"https:\/\/mamaco.ee\/#website","url":"https:\/\/mamaco.ee\/","name":"Mamaco - Rasedusaegsed ja s\u00fcnnitusj\u00e4rgsed bandaa\u017eid","description":"Pehmed meditsiinilised bandaa\u017eid","publisher":{"@id":"https:\/\/mamaco.ee\/#organization"},"potentialAction":[{"@type":"SearchAction","target":{"@type":"EntryPoint","urlTemplate":"https:\/\/mamaco.ee\/?s={search_term_string}"},"query-input":{"@type":"PropertyValueSpecification","valueRequired":true,"valueName":"search_term_string"}}],"inLanguage":"en-US"},{"@type":"Organization","@id":"https:\/\/mamaco.ee\/#organization","name":"Mamaco - Rasedusaegsed ja s\u00fcnnitusj\u00e4rgsed bandaa\u017eid","url":"https:\/\/mamaco.ee\/","logo":{"@type":"ImageObject","inLanguage":"en-US","@id":"https:\/\/mamaco.ee\/#\/schema\/logo\/image\/","url":"https:\/\/mamaco.ee\/wp-content\/uploads\/2021\/02\/logo-e1615049978850.png","contentUrl":"https:\/\/mamaco.ee\/wp-content\/uploads\/2021\/02\/logo-e1615049978850.png","width":125,"height":30,"caption":"Mamaco - Rasedusaegsed ja s\u00fcnnitusj\u00e4rgsed bandaa\u017eid"},"image":{"@id":"https:\/\/mamaco.ee\/#\/schema\/logo\/image\/"},"sameAs":["https:\/\/www.facebook.com\/formommyscomfort"]}]}},"_links":{"self":[{"href":"https:\/\/mamaco.ee\/en\/wp-json\/wp\/v2\/product\/4990","targetHints":{"allow":["GET"]}}],"collection":[{"href":"https:\/\/mamaco.ee\/en\/wp-json\/wp\/v2\/product"}],"about":[{"href":"https:\/\/mamaco.ee\/en\/wp-json\/wp\/v2\/types\/product"}],"wp:featuredmedia":[{"embeddable":true,"href":"https:\/\/mamaco.ee\/en\/wp-json\/wp\/v2\/media\/5683"}],"wp:attachment":[{"href":"https:\/\/mamaco.ee\/en\/wp-json\/wp\/v2\/media?parent=4990"}],"wp:term":[{"taxonomy":"product_brand","embeddable":true,"href":"https:\/\/mamaco.ee\/en\/wp-json\/wp\/v2\/product_brand?post=4990"},{"taxonomy":"product_cat","embeddable":true,"href":"https:\/\/mamaco.ee\/en\/wp-json\/wp\/v2\/product_cat?post=4990"},{"taxonomy":"product_tag","embeddable":true,"href":"https:\/\/mamaco.ee\/en\/wp-json\/wp\/v2\/product_tag?post=4990"}],"curies":[{"name":"wp","href":"https:\/\/api.w.org\/{rel}","templated":true}]}}