{"id":6244,"date":"2023-01-04T13:40:21","date_gmt":"2023-01-04T13:40:21","guid":{"rendered":"https:\/\/mamaco.ee\/?page_id=6244"},"modified":"2026-02-01T17:00:52","modified_gmt":"2026-02-01T17:00:52","slug":"kasulik-teada","status":"publish","type":"page","link":"https:\/\/mamaco.ee\/en\/kasulik-teada\/","title":{"rendered":"Useful info"},"content":{"rendered":"<div data-elementor-type=\"wp-page\" data-elementor-id=\"6244\" class=\"elementor elementor-6244\">\n\t\t\t\t<div class=\"elementor-element elementor-element-78615cb e-flex e-con-boxed e-con e-parent\" data-id=\"78615cb\" data-element_type=\"container\">\n\t\t\t\t\t<div class=\"e-con-inner\">\n\t\t<div class=\"elementor-element elementor-element-e5acffc e-con-full e-flex e-con e-child\" data-id=\"e5acffc\" data-element_type=\"container\">\n\t\t\t\t<div class=\"elementor-element elementor-element-2949eb7 elementor-widget elementor-widget-text-editor\" data-id=\"2949eb7\" data-element_type=\"widget\" data-widget_type=\"text-editor.default\">\n\t\t\t\t<div class=\"elementor-widget-container\">\n\t\t\t\t\t\t\t\t\t<h3 style=\"text-align: center;\">Belly wrap for pregnant women<\/h3><p style=\"text-align: justify;\">It is recommended to start using the support belt according to your own comfort level \u2013 when you feel the need for additional support for your abdomen and back while moving (usually around weeks 28\u201330 of pregnancy, when the belly begins to grow more rapidly). The belt \u201clifts\u201d the abdomen, thereby reducing the load on the lower back and helping to decrease back tension and fatigue. Supporting the core improves body awareness and helps maintain a more upright posture, which in turn ensures more efficient breathing and better oxygen supply. The belt can also be used for the prevention of stretch marks. It can be worn until the end of pregnancy, as it is adjustable and \u201cgrows\u201d together with the baby. Take the belt with you to the maternity hospital so that, if needed, you can start using it again immediately after childbirth.<\/p><p style=\"text-align: justify;\">In summary, it can be said that our belly wrap is a good helper during pregnancy for common skeletal muscle system pains (e.g. pain in the lower back, sacrum, symphysis and hip area) and helps to feel more comfortable during pregnancy.<\/p><p style=\"text-align: justify;\">When purchasing the support belt, you will receive a pregnancy exercise programme created by physiotherapist Kadri Kruusm\u00e4gi. The exercises help ensure better overall wellbeing, and the same programme can also be continued during the first weeks after childbirth if you feel the need for gentle exercises.<\/p>\t\t\t\t\t\t\t\t<\/div>\n\t\t\t\t<\/div>\n\t\t\t\t<\/div>\n\t\t\t\t<div class=\"elementor-element elementor-element-f3d9d65 elementor-widget elementor-widget-image\" data-id=\"f3d9d65\" data-element_type=\"widget\" data-widget_type=\"image.default\">\n\t\t\t\t<div class=\"elementor-widget-container\">\n\t\t\t\t\t\t\t\t\t\t\t\t\t\t\t<img fetchpriority=\"high\" decoding=\"async\" width=\"1024\" height=\"683\" src=\"https:\/\/mamaco.ee\/wp-content\/uploads\/2021\/12\/IMG_9077-Edit-1024x683.jpg\" class=\"attachment-large size-large wp-image-4995\" alt=\"\" srcset=\"https:\/\/mamaco.ee\/wp-content\/uploads\/2021\/12\/IMG_9077-Edit-1024x683.jpg 1024w, https:\/\/mamaco.ee\/wp-content\/uploads\/2021\/12\/IMG_9077-Edit-300x200.jpg 300w, https:\/\/mamaco.ee\/wp-content\/uploads\/2021\/12\/IMG_9077-Edit-768x512.jpg 768w, https:\/\/mamaco.ee\/wp-content\/uploads\/2021\/12\/IMG_9077-Edit-1536x1024.jpg 1536w, https:\/\/mamaco.ee\/wp-content\/uploads\/2021\/12\/IMG_9077-Edit-2048x1365.jpg 2048w, https:\/\/mamaco.ee\/wp-content\/uploads\/2021\/12\/IMG_9077-Edit-18x12.jpg 18w, https:\/\/mamaco.ee\/wp-content\/uploads\/2021\/12\/IMG_9077-Edit-1064x709.jpg 1064w\" sizes=\"(max-width: 1024px) 100vw, 1024px\" \/>\t\t\t\t\t\t\t\t\t\t\t\t\t\t\t<\/div>\n\t\t\t\t<\/div>\n\t\t\t\t\t<\/div>\n\t\t\t\t<\/div>\n\t\t<div class=\"elementor-element elementor-element-b6eb4d4 e-flex e-con-boxed e-con e-parent\" data-id=\"b6eb4d4\" data-element_type=\"container\">\n\t\t\t\t\t<div class=\"e-con-inner\">\n\t\t\t\t<div class=\"elementor-element elementor-element-7ba5188 elementor-widget-mobile__width-initial elementor-widget__width-initial elementor-widget elementor-widget-image\" data-id=\"7ba5188\" data-element_type=\"widget\" data-widget_type=\"image.default\">\n\t\t\t\t<div class=\"elementor-widget-container\">\n\t\t\t\t\t\t\t\t\t\t\t\t\t\t\t<img decoding=\"async\" width=\"1024\" height=\"683\" src=\"https:\/\/mamaco.ee\/wp-content\/uploads\/2021\/02\/IMG_0220-e1615967137492-1024x683.jpg\" class=\"attachment-large size-large wp-image-4171\" alt=\"\" srcset=\"https:\/\/mamaco.ee\/wp-content\/uploads\/2021\/02\/IMG_0220-e1615967137492-1024x683.jpg 1024w, https:\/\/mamaco.ee\/wp-content\/uploads\/2021\/02\/IMG_0220-e1615967137492-1064x709.jpg 1064w, https:\/\/mamaco.ee\/wp-content\/uploads\/2021\/02\/IMG_0220-e1615967137492-300x200.jpg 300w, https:\/\/mamaco.ee\/wp-content\/uploads\/2021\/02\/IMG_0220-e1615967137492-768x512.jpg 768w, https:\/\/mamaco.ee\/wp-content\/uploads\/2021\/02\/IMG_0220-e1615967137492-1536x1024.jpg 1536w, https:\/\/mamaco.ee\/wp-content\/uploads\/2021\/02\/IMG_0220-e1615967137492-2048x1365.jpg 2048w, https:\/\/mamaco.ee\/wp-content\/uploads\/2021\/02\/IMG_0220-e1615967137492-16x12.jpg 16w\" sizes=\"(max-width: 1024px) 100vw, 1024px\" \/>\t\t\t\t\t\t\t\t\t\t\t\t\t\t\t<\/div>\n\t\t\t\t<\/div>\n\t\t\t\t<div class=\"elementor-element elementor-element-f211add elementor-widget elementor-widget-text-editor\" data-id=\"f211add\" data-element_type=\"widget\" data-widget_type=\"text-editor.default\">\n\t\t\t\t<div class=\"elementor-widget-container\">\n\t\t\t\t\t\t\t\t\t<h3 style=\"text-align: center;\">Postpartum belly wrap<\/h3><p style=\"text-align: justify;\">After giving birth, it is common to have a change in the sensation of the body and the sensation of the abdominal area. Abdominal muscles have been under extreme stretch for a long time, and a soft belly wrap provides them with just the right amount of support and compression.<span style=\"font-weight: 400;\">In the early recovery period, it is not wise to apply \"get in shape quickly\" solutions. It is recommended to avoid continuous holding in the stomach and <\/span><i><span style=\"font-weight: 400;\">waist trainer<\/span><\/i><span style=\"font-weight: 400;\"> type corsets or clothing, which put excessive pressure on the middle part of the body and the pelvic floor and do not allow proper in and out breathing (slows down recovery). Prefer soft belly wraps or clothes with mild pressure.<\/span><\/p><p style=\"text-align: justify;\">The belly wrap protects and supports the postoperative sutures of a caesarean section. In addition to compression, a pleasantly cooling cold pack (included with the model with a gel pack) also provides a pain-relieving effect.<\/p><p style=\"text-align: justify;\"><i><b>NB! Keisril\u00f5ikest taastumiseks saab Mamaco bandaa\u017ei osta Teresa Abivahendikeskusest riikliku soodustusega: arsti digiretsepti alusel tasub Tervisekassa 90% piirhinnast.<\/b><\/i><\/p><p style=\"text-align: justify;\">After childbirth, give yourself time to rest and adjust. The rapid recovery period usually lasts 6\u20138 weeks, during which you can wear the support belt, do gentle exercises (e.g., the Mamaco exercise programme), and go for stroller walks. After this period, it is recommended to have a routine check-up with a midwife or gynaecologist, and also to visit a women\u2019s health \/ pelvic floor physiotherapist. Check with your hospital for available options. You can also explore the special e-physiotherapy programme\u00a0<a href=\"http:\/\/www.kruusmagi.ee\/pelwell\">PelWell<\/a>, created by physiotherapist Kadri Kruusm\u00e4gi, which supports women on their recovery journey.<\/p>\t\t\t\t\t\t\t\t<\/div>\n\t\t\t\t<\/div>\n\t\t\t\t\t<\/div>\n\t\t\t\t<\/div>\n\t\t<div class=\"elementor-element elementor-element-328be20 e-flex e-con-boxed e-con e-parent\" data-id=\"328be20\" data-element_type=\"container\">\n\t\t\t\t\t<div class=\"e-con-inner\">\n\t\t<div class=\"elementor-element elementor-element-1111f2f e-con-full e-flex e-con e-child\" data-id=\"1111f2f\" data-element_type=\"container\">\n\t\t\t\t<div class=\"elementor-element elementor-element-675fd0d elementor-widget elementor-widget-text-editor\" data-id=\"675fd0d\" data-element_type=\"widget\" data-widget_type=\"text-editor.default\">\n\t\t\t\t<div class=\"elementor-widget-container\">\n\t\t\t\t\t\t\t\t\t<h3 style=\"text-align: center;\">Abdominal Surgery and Support Belt<\/h3><p style=\"text-align: justify;\">Surgeons recommend wearing a support belt for 6\u20138 weeks after abdominoplasty or other abdominal surgeries, depending on the severity of the operation.\u00a0<\/p><p style=\"text-align: justify;\"><i><b>NB! Operatsioonist taastumiseks saab Mamaco bandaa\u017ei osta Teresa Abivahendikeskusest riikliku soodustusega: arsti digiretsepti alusel tasub Tervisekassa 90% piirhinnast.<\/b><\/i><\/p><p style=\"text-align: justify;\">In the same way, as in a caesarean section, our belly wraps support the sutures and exert light pressure on the middle part of the body in the form of compression, accelerating the movement of fluids and reducing pain and swelling. The wrap is made of soft material and adjustable; you can start wearing it 24 hours after the operation, but you should act according to how you feel. Be sure to familiarise yourself with the recommendations of the product manual.\u00a0 \u00a0<\/p><p style=\"text-align: justify;\">After 6+ weeks post-surgery, you can begin consciously strengthening your body with physiotherapy (if no instructions were provided at discharge). Exercise supports your recovery in the best possible way. Physiotherapist Kadri Kruusm\u00e4gi has created the e-physiotherapy programme <a href=\"http:\/\/www.kruusmagi.ee\/pelwell\">PelWell<\/a>, which includes exercises she also uses in her patients\u2019 recovery programs.<\/p>\t\t\t\t\t\t\t\t<\/div>\n\t\t\t\t<\/div>\n\t\t\t\t<\/div>\n\t\t<div class=\"elementor-element elementor-element-671a468 e-con-full e-flex e-con e-child\" data-id=\"671a468\" data-element_type=\"container\">\n\t\t\t\t<div class=\"elementor-element elementor-element-d085aff elementor-widget-mobile__width-initial elementor-widget__width-initial elementor-widget elementor-widget-image\" data-id=\"d085aff\" data-element_type=\"widget\" data-widget_type=\"image.default\">\n\t\t\t\t<div class=\"elementor-widget-container\">\n\t\t\t\t\t\t\t\t\t\t\t\t\t\t\t<img decoding=\"async\" width=\"640\" height=\"547\" src=\"https:\/\/mamaco.ee\/wp-content\/uploads\/2021\/02\/IMG_0170.png\" class=\"attachment-large size-large wp-image-4198\" alt=\"\" srcset=\"https:\/\/mamaco.ee\/wp-content\/uploads\/2021\/02\/IMG_0170.png 640w, https:\/\/mamaco.ee\/wp-content\/uploads\/2021\/02\/IMG_0170-300x256.png 300w\" sizes=\"(max-width: 640px) 100vw, 640px\" \/>\t\t\t\t\t\t\t\t\t\t\t\t\t\t\t<\/div>\n\t\t\t\t<\/div>\n\t\t\t\t<\/div>\n\t\t\t\t\t<\/div>\n\t\t\t\t<\/div>\n\t\t<div class=\"elementor-element elementor-element-bb7a30d e-flex e-con-boxed e-con e-parent\" data-id=\"bb7a30d\" data-element_type=\"container\">\n\t\t\t\t\t<div class=\"e-con-inner\">\n\t\t<div class=\"elementor-element elementor-element-4d92953 e-flex e-con-boxed e-con e-child\" data-id=\"4d92953\" data-element_type=\"container\">\n\t\t\t\t\t<div class=\"e-con-inner\">\n\t\t\t\t\t<\/div>\n\t\t\t\t<\/div>\n\t\t\t\t\t<\/div>\n\t\t\t\t<\/div>\n\t\t\t\t<\/div>","protected":false},"excerpt":{"rendered":"<p>Bandaa\u017e rasedale Bandaa\u017ei on soovitatav hakata kasutama vastavalt enesetundele &#8211; siis kui tunned, et soovid liikumisel oma k\u00f5hule ja seljale lisatuge (tavaliselt umbes\u00a0 28-30 rasedusn\u00e4dala paiku kui k\u00f5ht hakkab hoogsamalt kasvama). Bandaa\u017e &#8220;t\u00f5stab&#8221; k\u00f5htu v\u00f5ttes sellega koormust alaseljalt\u00a0 v\u00e4hemaks ja v\u00e4hendades selliselt selja pinget ja v\u00e4simist. Toetatud kere keskosa parandab keha tunnetust ning sirgema r\u00fchi&hellip;<\/p>","protected":false},"author":2,"featured_media":0,"parent":0,"menu_order":0,"comment_status":"closed","ping_status":"closed","template":"elementor_header_footer","meta":{"om_disable_all_campaigns":false,"_monsterinsights_skip_tracking":false,"_monsterinsights_sitenote_active":false,"_monsterinsights_sitenote_note":"","_monsterinsights_sitenote_category":0,"footnotes":""},"class_list":["post-6244","page","type-page","status-publish","hentry"],"yoast_head":"<!-- This site is optimized with the Yoast SEO plugin v27.4 - https:\/\/yoast.com\/product\/yoast-seo-wordpress\/ -->\n<title>Bandaa\u017e | Kasulik teada | Mamaco<\/title>\n<meta name=\"description\" content=\"Bandaa\u017ei on soovitatav hakata pidevalt kandma alates viiendast raseduskuust. S\u00fcnnitusj\u00e4rgne bandaa\u017e kiirendab rasedusest taastumist.\" \/>\n<meta name=\"robots\" content=\"index, follow, max-snippet:-1, max-image-preview:large, max-video-preview:-1\" \/>\n<link rel=\"canonical\" href=\"https:\/\/mamaco.ee\/en\/kasulik-teada\/\" \/>\n<meta property=\"og:locale\" content=\"en_US\" \/>\n<meta property=\"og:type\" content=\"article\" \/>\n<meta property=\"og:title\" content=\"Bandaa\u017e | Kasulik teada | Mamaco\" \/>\n<meta property=\"og:description\" content=\"Bandaa\u017ei on soovitatav hakata pidevalt kandma alates viiendast raseduskuust. S\u00fcnnitusj\u00e4rgne bandaa\u017e kiirendab rasedusest taastumist.\" \/>\n<meta property=\"og:url\" content=\"https:\/\/mamaco.ee\/en\/kasulik-teada\/\" \/>\n<meta property=\"og:site_name\" content=\"Mamaco\" \/>\n<meta property=\"article:publisher\" content=\"https:\/\/www.facebook.com\/formommyscomfort\" \/>\n<meta property=\"article:modified_time\" content=\"2026-02-01T17:00:52+00:00\" \/>\n<meta property=\"og:image\" content=\"https:\/\/mamaco.ee\/wp-content\/uploads\/2021\/12\/IMG_9077-Edit-scaled.jpg\" \/>\n\t<meta property=\"og:image:width\" content=\"2560\" \/>\n\t<meta property=\"og:image:height\" content=\"1707\" \/>\n\t<meta property=\"og:image:type\" content=\"image\/jpeg\" \/>\n<meta name=\"twitter:card\" content=\"summary_large_image\" \/>\n<meta name=\"twitter:label1\" content=\"Est. reading time\" \/>\n\t<meta name=\"twitter:data1\" content=\"4 minutes\" \/>\n<script type=\"application\/ld+json\" class=\"yoast-schema-graph\">{\"@context\":\"https:\\\/\\\/schema.org\",\"@graph\":[{\"@type\":\"WebPage\",\"@id\":\"https:\\\/\\\/mamaco.ee\\\/kasulik-teada\\\/\",\"url\":\"https:\\\/\\\/mamaco.ee\\\/kasulik-teada\\\/\",\"name\":\"Bandaa\u017e | Kasulik teada | Mamaco\",\"isPartOf\":{\"@id\":\"https:\\\/\\\/mamaco.ee\\\/#website\"},\"primaryImageOfPage\":{\"@id\":\"https:\\\/\\\/mamaco.ee\\\/kasulik-teada\\\/#primaryimage\"},\"image\":{\"@id\":\"https:\\\/\\\/mamaco.ee\\\/kasulik-teada\\\/#primaryimage\"},\"thumbnailUrl\":\"https:\\\/\\\/mamaco.ee\\\/wp-content\\\/uploads\\\/2021\\\/12\\\/IMG_9077-Edit-1024x683.jpg\",\"datePublished\":\"2023-01-04T13:40:21+00:00\",\"dateModified\":\"2026-02-01T17:00:52+00:00\",\"description\":\"Bandaa\u017ei on soovitatav hakata pidevalt kandma alates viiendast raseduskuust. S\u00fcnnitusj\u00e4rgne bandaa\u017e kiirendab rasedusest taastumist.\",\"breadcrumb\":{\"@id\":\"https:\\\/\\\/mamaco.ee\\\/kasulik-teada\\\/#breadcrumb\"},\"inLanguage\":\"en-US\",\"potentialAction\":[{\"@type\":\"ReadAction\",\"target\":[\"https:\\\/\\\/mamaco.ee\\\/kasulik-teada\\\/\"]}]},{\"@type\":\"ImageObject\",\"inLanguage\":\"en-US\",\"@id\":\"https:\\\/\\\/mamaco.ee\\\/kasulik-teada\\\/#primaryimage\",\"url\":\"https:\\\/\\\/mamaco.ee\\\/wp-content\\\/uploads\\\/2021\\\/12\\\/IMG_9077-Edit-1024x683.jpg\",\"contentUrl\":\"https:\\\/\\\/mamaco.ee\\\/wp-content\\\/uploads\\\/2021\\\/12\\\/IMG_9077-Edit-1024x683.jpg\"},{\"@type\":\"BreadcrumbList\",\"@id\":\"https:\\\/\\\/mamaco.ee\\\/kasulik-teada\\\/#breadcrumb\",\"itemListElement\":[{\"@type\":\"ListItem\",\"position\":1,\"name\":\"Home\",\"item\":\"https:\\\/\\\/mamaco.ee\\\/\"},{\"@type\":\"ListItem\",\"position\":2,\"name\":\"Kasulik teada\"}]},{\"@type\":\"WebSite\",\"@id\":\"https:\\\/\\\/mamaco.ee\\\/#website\",\"url\":\"https:\\\/\\\/mamaco.ee\\\/\",\"name\":\"Mamaco - Rasedusaegsed ja s\u00fcnnitusj\u00e4rgsed bandaa\u017eid\",\"description\":\"Pehmed meditsiinilised bandaa\u017eid\",\"publisher\":{\"@id\":\"https:\\\/\\\/mamaco.ee\\\/#organization\"},\"potentialAction\":[{\"@type\":\"SearchAction\",\"target\":{\"@type\":\"EntryPoint\",\"urlTemplate\":\"https:\\\/\\\/mamaco.ee\\\/?s={search_term_string}\"},\"query-input\":{\"@type\":\"PropertyValueSpecification\",\"valueRequired\":true,\"valueName\":\"search_term_string\"}}],\"inLanguage\":\"en-US\"},{\"@type\":\"Organization\",\"@id\":\"https:\\\/\\\/mamaco.ee\\\/#organization\",\"name\":\"Mamaco - Rasedusaegsed ja s\u00fcnnitusj\u00e4rgsed bandaa\u017eid\",\"url\":\"https:\\\/\\\/mamaco.ee\\\/\",\"logo\":{\"@type\":\"ImageObject\",\"inLanguage\":\"en-US\",\"@id\":\"https:\\\/\\\/mamaco.ee\\\/#\\\/schema\\\/logo\\\/image\\\/\",\"url\":\"https:\\\/\\\/mamaco.ee\\\/wp-content\\\/uploads\\\/2021\\\/02\\\/logo-e1615049978850.png\",\"contentUrl\":\"https:\\\/\\\/mamaco.ee\\\/wp-content\\\/uploads\\\/2021\\\/02\\\/logo-e1615049978850.png\",\"width\":125,\"height\":30,\"caption\":\"Mamaco - Rasedusaegsed ja s\u00fcnnitusj\u00e4rgsed bandaa\u017eid\"},\"image\":{\"@id\":\"https:\\\/\\\/mamaco.ee\\\/#\\\/schema\\\/logo\\\/image\\\/\"},\"sameAs\":[\"https:\\\/\\\/www.facebook.com\\\/formommyscomfort\"]}]}<\/script>\n<!-- \/ Yoast SEO plugin. -->","yoast_head_json":{"title":"Bandaa\u017e | Kasulik teada | Mamaco","description":"Bandaa\u017ei on soovitatav hakata pidevalt kandma alates viiendast raseduskuust. S\u00fcnnitusj\u00e4rgne bandaa\u017e kiirendab rasedusest taastumist.","robots":{"index":"index","follow":"follow","max-snippet":"max-snippet:-1","max-image-preview":"max-image-preview:large","max-video-preview":"max-video-preview:-1"},"canonical":"https:\/\/mamaco.ee\/en\/kasulik-teada\/","og_locale":"en_US","og_type":"article","og_title":"Bandaa\u017e | Kasulik teada | Mamaco","og_description":"Bandaa\u017ei on soovitatav hakata pidevalt kandma alates viiendast raseduskuust. S\u00fcnnitusj\u00e4rgne bandaa\u017e kiirendab rasedusest taastumist.","og_url":"https:\/\/mamaco.ee\/en\/kasulik-teada\/","og_site_name":"Mamaco","article_publisher":"https:\/\/www.facebook.com\/formommyscomfort","article_modified_time":"2026-02-01T17:00:52+00:00","og_image":[{"width":2560,"height":1707,"url":"https:\/\/mamaco.ee\/wp-content\/uploads\/2021\/12\/IMG_9077-Edit-scaled.jpg","type":"image\/jpeg"}],"twitter_card":"summary_large_image","twitter_misc":{"Est. reading time":"4 minutes"},"schema":{"@context":"https:\/\/schema.org","@graph":[{"@type":"WebPage","@id":"https:\/\/mamaco.ee\/kasulik-teada\/","url":"https:\/\/mamaco.ee\/kasulik-teada\/","name":"Bandaa\u017e | Kasulik teada | Mamaco","isPartOf":{"@id":"https:\/\/mamaco.ee\/#website"},"primaryImageOfPage":{"@id":"https:\/\/mamaco.ee\/kasulik-teada\/#primaryimage"},"image":{"@id":"https:\/\/mamaco.ee\/kasulik-teada\/#primaryimage"},"thumbnailUrl":"https:\/\/mamaco.ee\/wp-content\/uploads\/2021\/12\/IMG_9077-Edit-1024x683.jpg","datePublished":"2023-01-04T13:40:21+00:00","dateModified":"2026-02-01T17:00:52+00:00","description":"Bandaa\u017ei on soovitatav hakata pidevalt kandma alates viiendast raseduskuust. S\u00fcnnitusj\u00e4rgne bandaa\u017e kiirendab rasedusest taastumist.","breadcrumb":{"@id":"https:\/\/mamaco.ee\/kasulik-teada\/#breadcrumb"},"inLanguage":"en-US","potentialAction":[{"@type":"ReadAction","target":["https:\/\/mamaco.ee\/kasulik-teada\/"]}]},{"@type":"ImageObject","inLanguage":"en-US","@id":"https:\/\/mamaco.ee\/kasulik-teada\/#primaryimage","url":"https:\/\/mamaco.ee\/wp-content\/uploads\/2021\/12\/IMG_9077-Edit-1024x683.jpg","contentUrl":"https:\/\/mamaco.ee\/wp-content\/uploads\/2021\/12\/IMG_9077-Edit-1024x683.jpg"},{"@type":"BreadcrumbList","@id":"https:\/\/mamaco.ee\/kasulik-teada\/#breadcrumb","itemListElement":[{"@type":"ListItem","position":1,"name":"Home","item":"https:\/\/mamaco.ee\/"},{"@type":"ListItem","position":2,"name":"Kasulik teada"}]},{"@type":"WebSite","@id":"https:\/\/mamaco.ee\/#website","url":"https:\/\/mamaco.ee\/","name":"Mamaco - Rasedusaegsed ja s\u00fcnnitusj\u00e4rgsed bandaa\u017eid","description":"Pehmed meditsiinilised bandaa\u017eid","publisher":{"@id":"https:\/\/mamaco.ee\/#organization"},"potentialAction":[{"@type":"SearchAction","target":{"@type":"EntryPoint","urlTemplate":"https:\/\/mamaco.ee\/?s={search_term_string}"},"query-input":{"@type":"PropertyValueSpecification","valueRequired":true,"valueName":"search_term_string"}}],"inLanguage":"en-US"},{"@type":"Organization","@id":"https:\/\/mamaco.ee\/#organization","name":"Mamaco - Rasedusaegsed ja s\u00fcnnitusj\u00e4rgsed bandaa\u017eid","url":"https:\/\/mamaco.ee\/","logo":{"@type":"ImageObject","inLanguage":"en-US","@id":"https:\/\/mamaco.ee\/#\/schema\/logo\/image\/","url":"https:\/\/mamaco.ee\/wp-content\/uploads\/2021\/02\/logo-e1615049978850.png","contentUrl":"https:\/\/mamaco.ee\/wp-content\/uploads\/2021\/02\/logo-e1615049978850.png","width":125,"height":30,"caption":"Mamaco - Rasedusaegsed ja s\u00fcnnitusj\u00e4rgsed bandaa\u017eid"},"image":{"@id":"https:\/\/mamaco.ee\/#\/schema\/logo\/image\/"},"sameAs":["https:\/\/www.facebook.com\/formommyscomfort"]}]}},"_links":{"self":[{"href":"https:\/\/mamaco.ee\/en\/wp-json\/wp\/v2\/pages\/6244","targetHints":{"allow":["GET"]}}],"collection":[{"href":"https:\/\/mamaco.ee\/en\/wp-json\/wp\/v2\/pages"}],"about":[{"href":"https:\/\/mamaco.ee\/en\/wp-json\/wp\/v2\/types\/page"}],"author":[{"embeddable":true,"href":"https:\/\/mamaco.ee\/en\/wp-json\/wp\/v2\/users\/2"}],"replies":[{"embeddable":true,"href":"https:\/\/mamaco.ee\/en\/wp-json\/wp\/v2\/comments?post=6244"}],"version-history":[{"count":106,"href":"https:\/\/mamaco.ee\/en\/wp-json\/wp\/v2\/pages\/6244\/revisions"}],"predecessor-version":[{"id":7040,"href":"https:\/\/mamaco.ee\/en\/wp-json\/wp\/v2\/pages\/6244\/revisions\/7040"}],"wp:attachment":[{"href":"https:\/\/mamaco.ee\/en\/wp-json\/wp\/v2\/media?parent=6244"}],"curies":[{"name":"wp","href":"https:\/\/api.w.org\/{rel}","templated":true}]}}